{"id":9331,"date":"2019-01-16T09:28:22","date_gmt":"2019-01-16T07:28:22","guid":{"rendered":"http:\/\/test-markusryffels.ch.80-74-150-110.hobo.sui-inter.net\/?page_id=9331"},"modified":"2022-01-31T11:55:26","modified_gmt":"2022-01-31T10:55:26","slug":"medienberichte","status":"publish","type":"page","link":"https:\/\/markusryffels.ch\/fr\/ueber-uns\/medienberichte\/","title":{"rendered":"Couverture m\u00e9diatique"},"content":{"rendered":"<section class=\"l-section wpb_row height_small\"><div class=\"l-section-h i-cf\"><div class=\"g-cols vc_row via_grid cols_2 laptops-cols_inherit tablets-cols_inherit mobiles-cols_1 valign_top type_default stacking_default\"><div class=\"wpb_column vc_column_container\"><div class=\"vc_column-inner\"><h2 style=\"text-align: left\" class=\"vc_custom_heading vc_do_custom_heading us_custom_cda6f729\" >Couverture m\u00e9diatique<\/h2><div class=\"wpb_text_column\"><div class=\"wpb_wrapper\"><p><strong>Aqua-Fit<\/strong><\/p>\n<ul>\n<li><a href=\"https:\/\/markusryffels.ch\/wp-content\/uploads\/2022\/01\/202201_NZZ_Deep-Water-Running.pdf\" target=\"_blank\" rel=\"noopener\">NZZ am Sonntag_Avec le Deep Water Running, le corps s'entra\u00eene en douceur<\/a><\/li>\n<\/ul>\n<p><strong>Vacances actives<\/strong><\/p>\n<ul>\n<li><a href=\"https:\/\/markusryffels.ch\/wp-content\/uploads\/2019\/01\/WP-2019-Ryffel.pdf\" target=\"_blank\" rel=\"noopener\">Courrier Waldhaus St. Moritz 2019<\/a><\/li>\n<li><a href=\"https:\/\/markusryffels.ch\/wp-content\/uploads\/2019\/01\/DS_2-3_2019_d_Ryffel_Running_3_def.pdf\" target=\"_blank\" rel=\"noopener\">\u00c9toile du droguiste (f\u00e9v \/ mars 2019)<\/a><\/li>\n<li><a href=\"https:\/\/markusryffels.ch\/wp-content\/uploads\/2019\/01\/Ffl_1-19_Lauftage_Ryffels.pdf\" target=\"_blank\" rel=\"noopener\">Fit for Life (janvier 2019)<\/a><\/li>\n<li><a href=\"https:\/\/markusryffels.ch\/wp-content\/uploads\/2019\/10\/\u00c4thi.pdf\" target=\"_blank\" rel=\"noopener\">Tagesanzeiger (septembre 2019)<\/a><\/li>\n<\/ul>\n<p>&nbsp;<\/p>\n<p><strong>Markus Ryffel<\/strong><\/p>\n<ul>\n<li><a href=\"https:\/\/markusryffels.ch\/wp-content\/uploads\/2021\/04\/20210407_Weltwoche_Placebo-Effekt.pdf\" target=\"_blank\" rel=\"noopener\">Weltwoche (04.2021) : Effet placebo chic<\/a><\/li>\n<li><a href=\"https:\/\/markusryffels.ch\/wp-content\/uploads\/2021\/04\/202104_Laufbeilage-Tamedia_de.pdf\" target=\"_blank\" rel=\"noopener\">TAMEDIA (04.2021) : Le repos est aussi un entra\u00eenement<\/a><\/li>\n<li><a href=\"https:\/\/markusryffels.ch\/wp-content\/uploads\/2020\/02\/Sonntagszeitung_Placebo_Nike_20200211.pdf\" target=\"_blank\" rel=\"noopener\">Journal du dimanche (02.02.20) : L'effet placebo fait le plus la diff\u00e9rence<\/a><\/li>\n<li><a href=\"https:\/\/www.prontopro.ch\/de\/blog\/im-namen-der-gesundheit\/\" target=\"_blank\" rel=\"noopener\">ProntoPro (juin 2019)<\/a><\/li>\n<li>Tages-Anzeiger : Bien s\u00fbr que nous avons de la rouille, mais on peut y rem\u00e9dier (juin 2019) <a href=\"https:\/\/markusryffels.ch\/wp-content\/uploads\/2019\/08\/Klar-haben-wir-Rost-angesetzt_1.pdf\" target=\"_blank\" rel=\"noopener\">1\u00e8re partie<\/a> | <a href=\"https:\/\/markusryffels.ch\/wp-content\/uploads\/2019\/08\/Klar-haben-wir-Rost-angesetzt_2.pdf\" target=\"_blank\" rel=\"noopener\">2\u00e8me partie<\/a><\/li>\n<li><a href=\"https:\/\/markusryffels.ch\/wp-content\/uploads\/2019\/08\/NZZaS-Intervalle.pdf\" target=\"_blank\" rel=\"noopener\">LA NZZ : Plus de vari\u00e9t\u00e9 gr\u00e2ce aux intervalles dans l'entra\u00eenement de course (ao\u00fbt 2019)<\/a><\/li>\n<\/ul>\n<\/div><\/div><\/div><\/div><div class=\"wpb_column vc_column_container\"><div class=\"vc_column-inner\"><\/div><\/div><\/div><\/div><\/section><section class=\"l-section wpb_row height_small\"><div class=\"l-section-h i-cf\"><div class=\"g-cols vc_row via_grid cols_1 laptops-cols_inherit tablets-cols_inherit mobiles-cols_1 valign_top type_default stacking_default\"><div class=\"wpb_column vc_column_container\"><div class=\"vc_column-inner\"><\/div><\/div><\/div><\/div><\/section><section class=\"l-section wpb_row height_small\"><div class=\"l-section-h i-cf\"><div class=\"g-cols vc_row via_grid cols_1 laptops-cols_inherit tablets-cols_inherit mobiles-cols_1 valign_top type_default stacking_default\"><div class=\"wpb_column vc_column_container\"><div class=\"vc_column-inner\"><\/div><\/div><\/div><\/div><\/section>","protected":false},"excerpt":{"rendered":"Articles de presseAqua-Fit NZZ am Sonntag_Mit Deep Water Running den K\u00f6rper schonend trainieren Aktivferien Waldhauspost St. Moritz 2019 Drogistenstern (Feb \/ M\u00e4rz 2019) Fit for Life (Januar 2019) Tagesanzeiger (September 2019) Markus Ryffel Weltwoche (04.2021) : Effet placebo chic TAMEDIA (04.2021) : Le calme est aussi un entra\u00eenement Sonntagszeitung (02.02.20) : C'est l'effet placebo qui fait le plus ProntoPro (juin 2019) Tages-Anzeiger : Klar...","protected":false},"author":4,"featured_media":0,"parent":24,"menu_order":0,"comment_status":"closed","ping_status":"closed","template":"","meta":{"footnotes":""},"class_list":["post-9331","page","type-page","status-publish","hentry"],"_links":{"self":[{"href":"https:\/\/markusryffels.ch\/fr\/wp-json\/wp\/v2\/pages\/9331","targetHints":{"allow":["GET"]}}],"collection":[{"href":"https:\/\/markusryffels.ch\/fr\/wp-json\/wp\/v2\/pages"}],"about":[{"href":"https:\/\/markusryffels.ch\/fr\/wp-json\/wp\/v2\/types\/page"}],"author":[{"embeddable":true,"href":"https:\/\/markusryffels.ch\/fr\/wp-json\/wp\/v2\/users\/4"}],"replies":[{"embeddable":true,"href":"https:\/\/markusryffels.ch\/fr\/wp-json\/wp\/v2\/comments?post=9331"}],"version-history":[{"count":18,"href":"https:\/\/markusryffels.ch\/fr\/wp-json\/wp\/v2\/pages\/9331\/revisions"}],"predecessor-version":[{"id":11005,"href":"https:\/\/markusryffels.ch\/fr\/wp-json\/wp\/v2\/pages\/9331\/revisions\/11005"}],"up":[{"embeddable":true,"href":"https:\/\/markusryffels.ch\/fr\/wp-json\/wp\/v2\/pages\/24"}],"wp:attachment":[{"href":"https:\/\/markusryffels.ch\/fr\/wp-json\/wp\/v2\/media?parent=9331"}],"curies":[{"name":"wp","href":"https:\/\/api.w.org\/{rel}","templated":true}]}}