{"id":8499,"date":"2018-07-24T14:41:49","date_gmt":"2018-07-24T12:41:49","guid":{"rendered":"http:\/\/test-markusryffels.ch.80-74-150-110.hobo.sui-inter.net\/?page_id=8499"},"modified":"2018-07-24T14:41:49","modified_gmt":"2018-07-24T12:41:49","slug":"benutzerprofil","status":"publish","type":"page","link":"https:\/\/markusryffels.ch\/fr\/benutzerprofil\/","title":{"rendered":"Profil d'utilisateur"},"content":{"rendered":"<link type=\"text\/css\" rel=\"stylesheet\" href=\"https:\/\/www.booker360.ch\/login\/external\/..\/css\/form\/bootstrap-grid.min.css\" \/>\n<link type=\"text\/css\" rel=\"stylesheet\" href=\"https:\/\/www.booker360.ch\/login\/external\/..\/css\/form\/basic.css?v=20190129\" \/>\n<style type=\"text\/css\">\n  .booker-content table {width: 100%;border-collapse: collapse;}\n  .booker-content th {border-bottom: 1px solid #666;text-align: left;}\n  .booker-content td, .booker-content th {padding:1px 2px;}\n  .booker-content tbody td {border-bottom: 1px solid #cbcbcb;}\n  .booker-content tbody tr:last-child td {border-bottom: 1px solid #666;}\n  .booker-content tfoot td {}\n  .booker-content form .error {background-color:#fdd;padding:10px;border:1px solid #faa;}\n<\/style>\n<link type=\"text\/css\" rel=\"stylesheet\" href=\"https:\/\/www.booker360.ch\/login\/css\/form\/mandant_20001.css?v=201909131201\"><\/link><div class=\"booker-content external-content\">\n<div class=\"booker-wrapper booker-index-login\">\n\t<!-- TODO: move down after first run -->\n\t<h2>Premier enregistrement<\/h2>\n\t\t<p class=\"submit-wrap\" style=\"margin-top:10px;\">\n\t\t\tVous n'avez pas encore de compte ? <a href=\"?tb_action=index\/register\">Inscrivez-vous ici<\/a>.\n\t\t<\/p>\n\t\t<p class=\"submit-wrap\" style=\"margin-top:10px;\">\n\t\t\tVous vous \u00eates d\u00e9j\u00e0 inscrit mais n'avez pas encore activ\u00e9 votre compte ? <a href=\"?tb_action=index\/resend\">Demandez un nouveau lien d'activation<\/a>.\n\t\t<\/p>\n\t\t<br \/>\n\n\t<h2>Connexion<\/h2>\n\t<form action=\"\" method=\"post\" data-trp-original-action=\"\">\n\t\t\t<div class=\"generic-form row-fluid3\">\n\t\t<p class=\"col-sm-3 kl-fancy-form zn_form_field zn_text titel\" >Courrier \u00e9lectronique<\/p>\n\t\t<p class=\"col-sm-4 kl-fancy-form zn_form_field zn_text\" >\n\t\t\t<span class=\"wpcf7-form-control-wrap login_user\">\n\t\t\t\t<input type=\"text\" name=\"tb_form[login_user]\"     class=\"wpcf7-form-control wpcf7-text\" value=\"\" data-name=\"login_user\"\/>\n\t\t\t<\/span>\n<\/p>\t\t<p class=\"clear\"><\/p>\n\t\t<p class=\"col-sm-3 kl-fancy-form zn_form_field zn_text titel\" >Mot de passe<\/p>\n\t\t<p class=\"col-sm-4 kl-fancy-form zn_form_field zn_text\" >\n\t\t\t<span class=\"wpcf7-form-control-wrap login_password\">\n\t\t\t\t<input type=\"password\" name=\"tb_form[login_password]\"     class=\"wpcf7-form-control wpcf7-password\" value=\"\" data-name=\"login_password\"\/>\n\t\t\t<\/span>\n<\/p>\t\t<p class=\"clear\"><\/p>\n\t<\/div>\n\t<script type=\"text\/javascript\">\r\n\t\t\t\/\/ add size limit counter\r\n\t\tvar els = document.querySelectorAll('[maxlength]');\r\n\t\tfor(var i=0,l=els.length;i<l;i++){\r\n\t\t\tvar el = els[i];\r\n\t\t\tif(el.hasAttribute('type') && el.getAttribute('type') == 'date') continue;\r\n\t\t\tvar esize = el.getAttribute('maxlength') - el.value.length;\r\n\t\t\tif(esize < 0) esize = 0;\r\n\t\t\tel.parentNode.setAttribute('data-size-left', esize);\r\n\t\t\tel.addEventListener('keyup', function(){\r\n\t\t\t\tvar e = this;\r\n\t\t\t\tvar esize = e.getAttribute('maxlength') - e.value.length;\r\n\t\t\t\tif(esize < 0) esize = 0;\r\n\t\t\t\te.parentNode.setAttribute('data-size-left', esize);\r\n\t\t\t})\r\n\t\t\tel.addEventListener('focus', function(){ this.parentNode.classList.add('has-focus'); });\r\n\t\t\tel.addEventListener('blur', function(){ this.parentNode.classList.remove('has-focus'); });\r\n\t\t}\r\n\t<\/script>\t\t<p class=\"submit-wrap\">\n\t\t\t<input type=\"submit\" name=\"tb_form[tb_form_login]\" value=\"Connexion\" class=\"w-btn style_solid color_primary wpcf7-form-control btn btn-primary\" \/>\n\t\t<\/p>\n\t\t\n\t\t<p class=\"submit-wrap\" style=\"margin-top:10px;\">\n\t\t\t<a href=\"?tb_action=index\/password\">Mot de passe oubli\u00e9 ?<\/a>\n\t\t<\/p>\n\n\t<input type=\"hidden\" name=\"trp-form-language\" value=\"fr\"\/><\/form>\n\t<script type=\"text\/javascript\">\n\t            jQuery('.click-button').on('click', function() {\n\t              var attr = this.getAttribute('data-href');\n\t              if(attr.indexOf('back') != -1) {\n\t                window.history.back();\n\t              } else {\n\t                document.location.href=attr;\n\t              }\n\t            });\n\t<\/script>\n<\/div>\n<iframe src=\"https:\/\/www.booker360.ch\/login\/public\/index\/cookiecheck?AccountHook=20001\" scrolling=\"no\" style=\"border:none;margin:0;padding:0;width: 100px;height:100px\"><\/iframe><\/div>\n<!-- https:\/\/www.booker360.ch\/login\/external\/index?proxyUrl=https%3A%2F%2Fmarkusryffels.ch%2Ffr%2Fwp-json%2Fwp%2Fv2%2Fpages%2F8499 -->","protected":false},"excerpt":{"rendered":"Premier enregistrement Vous n'avez pas encore de compte ? Inscrivez-vous ici. Vous vous \u00eates d\u00e9j\u00e0 inscrit mais n'avez pas encore activ\u00e9 votre compte ? Demandez un nouveau lien d'activation. Login E-mail Mot de passe Mot de passe oubli\u00e9 ?","protected":false},"author":1,"featured_media":0,"parent":0,"menu_order":0,"comment_status":"closed","ping_status":"closed","template":"","meta":{"footnotes":""},"class_list":["post-8499","page","type-page","status-publish","hentry"],"_links":{"self":[{"href":"https:\/\/markusryffels.ch\/fr\/wp-json\/wp\/v2\/pages\/8499","targetHints":{"allow":["GET"]}}],"collection":[{"href":"https:\/\/markusryffels.ch\/fr\/wp-json\/wp\/v2\/pages"}],"about":[{"href":"https:\/\/markusryffels.ch\/fr\/wp-json\/wp\/v2\/types\/page"}],"author":[{"embeddable":true,"href":"https:\/\/markusryffels.ch\/fr\/wp-json\/wp\/v2\/users\/1"}],"replies":[{"embeddable":true,"href":"https:\/\/markusryffels.ch\/fr\/wp-json\/wp\/v2\/comments?post=8499"}],"version-history":[{"count":1,"href":"https:\/\/markusryffels.ch\/fr\/wp-json\/wp\/v2\/pages\/8499\/revisions"}],"predecessor-version":[{"id":8500,"href":"https:\/\/markusryffels.ch\/fr\/wp-json\/wp\/v2\/pages\/8499\/revisions\/8500"}],"wp:attachment":[{"href":"https:\/\/markusryffels.ch\/fr\/wp-json\/wp\/v2\/media?parent=8499"}],"curies":[{"name":"wp","href":"https:\/\/api.w.org\/{rel}","templated":true}]}}