{"id":8138,"date":"2018-05-31T18:39:22","date_gmt":"2018-05-31T16:39:22","guid":{"rendered":"http:\/\/test-markusryffels.ch.80-74-150-110.hobo.sui-inter.net\/?page_id=8138"},"modified":"2023-03-24T10:36:56","modified_gmt":"2023-03-24T09:36:56","slug":"news-newsletter","status":"publish","type":"page","link":"https:\/\/markusryffels.ch\/fr\/ueber-uns\/news-newsletter\/","title":{"rendered":"Bulletin d'information"},"content":{"rendered":"<section class=\"l-section wpb_row height_small\"><div class=\"l-section-h i-cf\"><div class=\"g-cols vc_row via_grid cols_1 laptops-cols_inherit tablets-cols_inherit mobiles-cols_1 valign_top type_default stacking_default\"><div class=\"wpb_column vc_column_container\"><div class=\"vc_column-inner\"><h1 style=\"text-align: left\" class=\"vc_custom_heading vc_do_custom_heading us_custom_cda6f729\" >Bulletin d'information<\/h1><div class=\"wpb_text_column\"><div class=\"wpb_wrapper\"><p>Tu souhaites recevoir r\u00e9guli\u00e8rement une de nos newsletters et \u00eatre toujours au courant des derni\u00e8res nouveaut\u00e9s ? Alors inscris-toi d\u00e8s maintenant \u00e0 l'aide du formulaire ci-dessous.<\/p>\n<\/div><\/div><div class=\"wpb_text_column\"><div class=\"wpb_wrapper\">\n<div class=\"wpcf7 no-js\" id=\"wpcf7-f11544-o1\" lang=\"de-DE\" dir=\"ltr\" data-wpcf7-id=\"11544\">\n<div class=\"screen-reader-response\"><p role=\"status\" aria-live=\"polite\" aria-atomic=\"true\"><\/p> <ul><\/ul><\/div>\n<form action=\"\/fr\/wp-json\/wp\/v2\/pages\/8138#wpcf7-f11544-o1\" method=\"post\" class=\"wpcf7-form init\" aria-label=\"Formulaire de contact\" novalidate=\"novalidate\" data-status=\"init\" data-trp-original-action=\"\/fr\/wp-json\/wp\/v2\/pages\/8138#wpcf7-f11544-o1\">\n<fieldset class=\"hidden-fields-container\"><input type=\"hidden\" name=\"_wpcf7\" value=\"11544\" \/><input type=\"hidden\" name=\"_wpcf7_version\" value=\"6.1.1\" \/><input type=\"hidden\" name=\"_wpcf7_locale\" value=\"de_DE\" \/><input type=\"hidden\" name=\"_wpcf7_unit_tag\" value=\"wpcf7-f11544-o1\" \/><input type=\"hidden\" name=\"_wpcf7_container_post\" value=\"0\" \/><input type=\"hidden\" name=\"_wpcf7_posted_data_hash\" value=\"\" \/>\n<\/fieldset>\n<p>Titre de civilit\u00e9<br \/>\n<span class=\"wpcf7-form-control-wrap\" data-name=\"anrede\"><select class=\"wpcf7-form-control wpcf7-select\" aria-invalid=\"false\" name=\"anrede\"><option value=\"Herr\">Monsieur<\/option><option value=\"Frau\">Mme<\/option><\/select><\/span>\n<\/p>\n<p><label> Pr\u00e9nom *<br \/>\n<span class=\"wpcf7-form-control-wrap\" data-name=\"vorname\"><input size=\"40\" maxlength=\"400\" class=\"wpcf7-form-control wpcf7-text wpcf7-validates-as-required\" aria-required=\"true\" aria-invalid=\"false\" placeholder=\"Pr\u00e9nom\" value=\"\" type=\"text\" name=\"vorname\" \/><\/span> <\/label>\n<\/p>\n<p><label> Nom de famille *<br \/>\n<span class=\"wpcf7-form-control-wrap\" data-name=\"nachname\"><input size=\"40\" maxlength=\"400\" class=\"wpcf7-form-control wpcf7-text wpcf7-validates-as-required\" aria-required=\"true\" aria-invalid=\"false\" placeholder=\"Nom de famille\" value=\"\" type=\"text\" name=\"nachname\" \/><\/span> <\/label>\n<\/p>\n<p><label> E-mail *<br \/>\n<span class=\"wpcf7-form-control-wrap\" data-name=\"email\"><input size=\"40\" maxlength=\"400\" class=\"wpcf7-form-control wpcf7-email wpcf7-validates-as-required wpcf7-text wpcf7-validates-as-email\" aria-required=\"true\" aria-invalid=\"false\" placeholder=\"Courrier \u00e9lectronique\" value=\"\" type=\"email\" name=\"email\" \/><\/span> <\/label>\n<\/p>\n<p><label> Adresse<br \/>\n<span class=\"wpcf7-form-control-wrap\" data-name=\"adresse\"><input size=\"40\" maxlength=\"400\" class=\"wpcf7-form-control wpcf7-text\" aria-invalid=\"false\" placeholder=\"Adresse\" value=\"\" type=\"text\" name=\"adresse\" \/><\/span> <\/label>\n<\/p>\n<p><label> CODE POSTAL<br \/>\n<span class=\"wpcf7-form-control-wrap\" data-name=\"plz\"><input size=\"40\" maxlength=\"400\" class=\"wpcf7-form-control wpcf7-text\" aria-invalid=\"false\" placeholder=\"CODE POSTAL\" value=\"\" type=\"text\" name=\"plz\" \/><\/span> <\/label>\n<\/p>\n<p><label> Lieu<br \/>\n<span class=\"wpcf7-form-control-wrap\" data-name=\"ort\"><input size=\"40\" maxlength=\"400\" class=\"wpcf7-form-control wpcf7-text\" aria-invalid=\"false\" placeholder=\"Lieu\" value=\"\" type=\"text\" name=\"ort\" \/><\/span> <\/label>\n<\/p>\n<p><label> Anniversaire<br \/>\n<span class=\"wpcf7-form-control-wrap\" data-name=\"geburtstag\"><input size=\"40\" maxlength=\"400\" class=\"wpcf7-form-control wpcf7-text\" aria-invalid=\"false\" placeholder=\"Anniversaire (JJ.MM.AAAA)\" value=\"\" type=\"text\" name=\"geburtstag\" \/><\/span> <\/label>\n<\/p>\n<p>* champs obligatoires\n<\/p>\n<p>Je m'inscris aux newsletters suivantes :<br \/>\n<span class=\"wpcf7-form-control-wrap\" data-name=\"newsletterListe\"><span class=\"wpcf7-form-control wpcf7-checkbox\"><span class=\"wpcf7-list-item first\"><input type=\"checkbox\" name=\"newsletterListe[]\" value=\"Frauenlauf\" \/><span class=\"wpcf7-list-item-label\">Course f\u00e9minine<\/span><\/span><span class=\"wpcf7-list-item\"><input type=\"checkbox\" name=\"newsletterListe[]\" value=\"Greifenseelauf\" \/><span class=\"wpcf7-list-item-label\">Course du Greifensee<\/span><\/span><span class=\"wpcf7-list-item\"><input type=\"checkbox\" name=\"newsletterListe[]\" value=\"Markus Ryffel&#039;s\" \/><span class=\"wpcf7-list-item-label\">Chez Markus Ryffel<\/span><\/span><span class=\"wpcf7-list-item last\"><input type=\"checkbox\" name=\"newsletterListe[]\" value=\"Santarun\" \/><span class=\"wpcf7-list-item-label\">Santarun<\/span><\/span><\/span><\/span>\n<\/p>\n<p><input class=\"wpcf7-form-control wpcf7-submit has-spinner\" type=\"submit\" value=\"S&#039;abonner\" \/>\n<\/p><input type=\"hidden\" id=\"ct_checkjs_cf7_140f6969d5213fd0ece03148e62e461e\" name=\"ct_checkjs_cf7\" value=\"0\" \/><script >setTimeout(function(){var ct_input_name = \"ct_checkjs_cf7_140f6969d5213fd0ece03148e62e461e\";if (document.getElementById(ct_input_name) !== null) {var ct_input_value = document.getElementById(ct_input_name).value;document.getElementById(ct_input_name).value = document.getElementById(ct_input_name).value.replace(ct_input_value, '5b2c3472f0cb66bb2962e5f7d26c59c917ac5823f8907147d3cf258edf72200d');}}, 1000);<\/script><input\n                    class=\"apbct_special_field apbct_email_id__wp_contact_form_7\"\n                    name=\"apbct__email_id__wp_contact_form_7\"\n                    aria-label=\"apbct__label_id__wp_contact_form_7\"\n                    type=\"text\" size=\"30\" maxlength=\"200\" autocomplete=\"off\"\n                    value=\"\"\n                \/><p style=\"display: none !important;\" class=\"akismet-fields-container\" data-prefix=\"_wpcf7_ak_\"><label>&#916;<textarea name=\"_wpcf7_ak_hp_textarea\" cols=\"45\" rows=\"8\" maxlength=\"100\"><\/textarea><\/label><input type=\"hidden\" id=\"ak_js_1\" name=\"_wpcf7_ak_js\" value=\"153\"\/><script>document.getElementById( \"ak_js_1\" ).setAttribute( \"value\", ( new Date() ).getTime() );<\/script><\/p><div class=\"wpcf7-response-output\" aria-hidden=\"true\"><\/div>\n<input type=\"hidden\" name=\"trp-form-language\" value=\"fr\"\/><\/form>\n<\/div>\n\n<\/div><\/div><\/div><\/div><\/div><\/div><\/section>","protected":false},"excerpt":{"rendered":"NewsletterSouhaitez-vous recevoir r\u00e9guli\u00e8rement l'une de nos newsletters et \u00eatre toujours inform\u00e9(e) ? Alors inscrivez-vous d\u00e8s maintenant en utilisant le formulaire ci-dessous. Titre MonsieurMadame Pr\u00e9nom * Nom * E-mail * Rue Code postal Lieu de naissance * Champs obligatoires Je m'inscris aux newsletters suivantes : Course f\u00e9minine Course du Greifensee Markus Ryffel's Santarun \u0394","protected":false},"author":1,"featured_media":0,"parent":24,"menu_order":0,"comment_status":"closed","ping_status":"closed","template":"","meta":{"footnotes":""},"class_list":["post-8138","page","type-page","status-publish","hentry"],"_links":{"self":[{"href":"https:\/\/markusryffels.ch\/fr\/wp-json\/wp\/v2\/pages\/8138","targetHints":{"allow":["GET"]}}],"collection":[{"href":"https:\/\/markusryffels.ch\/fr\/wp-json\/wp\/v2\/pages"}],"about":[{"href":"https:\/\/markusryffels.ch\/fr\/wp-json\/wp\/v2\/types\/page"}],"author":[{"embeddable":true,"href":"https:\/\/markusryffels.ch\/fr\/wp-json\/wp\/v2\/users\/1"}],"replies":[{"embeddable":true,"href":"https:\/\/markusryffels.ch\/fr\/wp-json\/wp\/v2\/comments?post=8138"}],"version-history":[{"count":20,"href":"https:\/\/markusryffels.ch\/fr\/wp-json\/wp\/v2\/pages\/8138\/revisions"}],"predecessor-version":[{"id":11547,"href":"https:\/\/markusryffels.ch\/fr\/wp-json\/wp\/v2\/pages\/8138\/revisions\/11547"}],"up":[{"embeddable":true,"href":"https:\/\/markusryffels.ch\/fr\/wp-json\/wp\/v2\/pages\/24"}],"wp:attachment":[{"href":"https:\/\/markusryffels.ch\/fr\/wp-json\/wp\/v2\/media?parent=8138"}],"curies":[{"name":"wp","href":"https:\/\/api.w.org\/{rel}","templated":true}]}}