{"id":8130,"date":"2018-05-31T18:38:24","date_gmt":"2018-05-31T16:38:24","guid":{"rendered":"http:\/\/test-markusryffels.ch.80-74-150-110.hobo.sui-inter.net\/?page_id=8130"},"modified":"2025-10-31T15:07:46","modified_gmt":"2025-10-31T14:07:46","slug":"team","status":"publish","type":"page","link":"https:\/\/markusryffels.ch\/fr\/ueber-uns\/team\/","title":{"rendered":"\u00c9quipe"},"content":{"rendered":"<section class=\"l-section wpb_row height_small\"><div class=\"l-section-h i-cf\"><div class=\"g-cols vc_row via_grid cols_1 laptops-cols_inherit tablets-cols_inherit mobiles-cols_1 valign_top type_default stacking_default\"><div class=\"wpb_column vc_column_container\"><div class=\"vc_column-inner\"><h1 style=\"text-align: left\" class=\"vc_custom_heading vc_do_custom_heading us_custom_cda6f729\" >L'\u00e9quipe de Markus Ryffel<\/h1><div class=\"g-cols wpb_row via_grid cols_3 laptops-cols_inherit tablets-cols_inherit mobiles-cols_1 valign_top type_default stacking_default\" style=\"--columns-gap:3rem;\"><div class=\"wpb_column vc_column_container\"><div class=\"vc_column-inner\"><div class=\"w-person layout_trendy with_desc with_socials\" itemscope itemtype=\"https:\/\/schema.org\/Person\"><div class=\"w-person-image\"><img loading=\"lazy\" decoding=\"async\" width=\"798\" height=\"1200\" src=\"https:\/\/markusryffels.ch\/wp-content\/uploads\/2019\/01\/Portraits7.jpg\" class=\"attachment-full size-full\" alt=\"\" itemprop=\"image\" srcset=\"https:\/\/markusryffels.ch\/wp-content\/uploads\/2019\/01\/Portraits7.jpg 798w, https:\/\/markusryffels.ch\/wp-content\/uploads\/2019\/01\/Portraits7-333x500.jpg 333w, https:\/\/markusryffels.ch\/wp-content\/uploads\/2019\/01\/Portraits7-681x1024.jpg 681w\" sizes=\"auto, (max-width: 798px) 100vw, 798px\" \/><\/div><div class=\"w-person-content\"><h4 itemprop=\"name\" class=\"w-person-name\"><span>Markus Ryffel<\/span><\/h4><div class=\"w-person-role\" itemprop=\"jobTitle\">Fondateur<\/div><\/div><div class=\"w-person-content-alt\"><div class=\"w-person-links\"><div class=\"w-person-links-list\"><a href=\"mailto:markus@markusryffels.ch\" class=\"w-person-links-item type_email\" title=\"E-mail\"><i class=\"fas fa-envelope\"><\/i><\/a><a href=\"tel:0319527552\" class=\"w-person-links-item type_custom_link\"><i class=\"fas fa-phone\"><\/i><\/a><\/div><\/div><div class=\"w-person-description\" itemprop=\"description\"><p>markus@markusryffels.ch<br \/>\n031 952 75 52<\/p>\n<\/div><\/div><\/div><\/div><\/div><div class=\"wpb_column vc_column_container\"><div class=\"vc_column-inner\"><div class=\"w-person layout_trendy with_desc with_socials\" itemscope itemtype=\"https:\/\/schema.org\/Person\"><div class=\"w-person-image\"><img loading=\"lazy\" decoding=\"async\" width=\"798\" height=\"1200\" src=\"https:\/\/markusryffels.ch\/wp-content\/uploads\/2019\/01\/Portraits9.jpg\" class=\"attachment-full size-full\" alt=\"\" itemprop=\"image\" srcset=\"https:\/\/markusryffels.ch\/wp-content\/uploads\/2019\/01\/Portraits9.jpg 798w, https:\/\/markusryffels.ch\/wp-content\/uploads\/2019\/01\/Portraits9-333x500.jpg 333w, https:\/\/markusryffels.ch\/wp-content\/uploads\/2019\/01\/Portraits9-681x1024.jpg 681w\" sizes=\"auto, (max-width: 798px) 100vw, 798px\" \/><\/div><div class=\"w-person-content\"><h4 itemprop=\"name\" class=\"w-person-name\"><span>Stephan Ryffel<\/span><\/h4><div class=\"w-person-role\" itemprop=\"jobTitle\">Directeur g\u00e9n\u00e9ral<\/div><\/div><div class=\"w-person-content-alt\"><div class=\"w-person-links\"><div class=\"w-person-links-list\"><a href=\"mailto:stephan@markusryffels.ch\" class=\"w-person-links-item type_email\" title=\"E-mail\"><i class=\"fas fa-envelope\"><\/i><\/a><a href=\"tel:0319527552\" class=\"w-person-links-item type_custom_link\"><i class=\"fas fa-phone\"><\/i><\/a><\/div><\/div><div class=\"w-person-description\" itemprop=\"description\"><p>stephan@markusryffels.ch<br \/>\n031 952 75 52<\/p>\n<\/div><\/div><\/div><\/div><\/div><div class=\"wpb_column vc_column_container\"><div class=\"vc_column-inner\"><div class=\"w-person layout_trendy with_desc with_socials\" itemscope itemtype=\"https:\/\/schema.org\/Person\"><div class=\"w-person-image\"><img loading=\"lazy\" decoding=\"async\" width=\"798\" height=\"1200\" src=\"https:\/\/markusryffels.ch\/wp-content\/uploads\/2019\/01\/Portraits8.jpg\" class=\"attachment-full size-full\" alt=\"\" itemprop=\"image\" srcset=\"https:\/\/markusryffels.ch\/wp-content\/uploads\/2019\/01\/Portraits8.jpg 798w, https:\/\/markusryffels.ch\/wp-content\/uploads\/2019\/01\/Portraits8-333x500.jpg 333w, https:\/\/markusryffels.ch\/wp-content\/uploads\/2019\/01\/Portraits8-681x1024.jpg 681w\" sizes=\"auto, (max-width: 798px) 100vw, 798px\" \/><\/div><div class=\"w-person-content\"><h4 itemprop=\"name\" class=\"w-person-name\"><span>Mathias Thierstein<\/span><\/h4><div class=\"w-person-role\" itemprop=\"jobTitle\">Responsable Sport &amp; \u00c9v\u00e9nements<\/div><\/div><div class=\"w-person-content-alt\"><div class=\"w-person-links\"><div class=\"w-person-links-list\"><a href=\"mailto:mathias.thierstein@markusryffels.ch\" class=\"w-person-links-item type_email\" title=\"E-mail\"><i class=\"fas fa-envelope\"><\/i><\/a><a target=\"_blank\" rel=\"nofollow\" href=\"tel:0319527566\" class=\"w-person-links-item type_custom_link\"><i class=\"fas fa-phone\"><\/i><\/a><\/div><\/div><div class=\"w-person-description\" itemprop=\"description\"><p>mathias.thierstein@markusryffels.ch<br \/>\n031 952 75 66<\/p>\n<\/div><\/div><\/div><\/div><\/div><\/div><div class=\"w-separator size_small\"><\/div><div class=\"g-cols wpb_row via_grid cols_3 laptops-cols_inherit tablets-cols_inherit mobiles-cols_1 valign_top type_default stacking_default\" style=\"--columns-gap:3rem;\"><div class=\"wpb_column vc_column_container\"><div class=\"vc_column-inner\"><div class=\"w-person layout_trendy with_desc with_socials\" itemscope itemtype=\"https:\/\/schema.org\/Person\"><div class=\"w-person-image\"><img loading=\"lazy\" decoding=\"async\" width=\"798\" height=\"1200\" src=\"https:\/\/markusryffels.ch\/wp-content\/uploads\/2019\/01\/Portraits1.jpg\" class=\"attachment-full size-full\" alt=\"\" itemprop=\"image\" srcset=\"https:\/\/markusryffels.ch\/wp-content\/uploads\/2019\/01\/Portraits1.jpg 798w, https:\/\/markusryffels.ch\/wp-content\/uploads\/2019\/01\/Portraits1-333x500.jpg 333w, https:\/\/markusryffels.ch\/wp-content\/uploads\/2019\/01\/Portraits1-681x1024.jpg 681w\" sizes=\"auto, (max-width: 798px) 100vw, 798px\" \/><\/div><div class=\"w-person-content\"><h4 itemprop=\"name\" class=\"w-person-name\"><span>Catherine Imhof<\/span><\/h4><div class=\"w-person-role\" itemprop=\"jobTitle\">Cheffe de projet de la Course f\u00e9minine suisse, Berne<\/div><\/div><div class=\"w-person-content-alt\"><div class=\"w-person-links\"><div class=\"w-person-links-list\"><a href=\"mailto:catherine.imhof@markusryffels.ch\" class=\"w-person-links-item type_email\" title=\"E-mail\"><i class=\"fas fa-envelope\"><\/i><\/a><a target=\"_blank\" rel=\"nofollow\" href=\"tel:0319540608\" class=\"w-person-links-item type_custom_link\"><i class=\"fas fa-phone\"><\/i><\/a><\/div><\/div><div class=\"w-person-description\" itemprop=\"description\"><p>catherine.imhof@markusryffels.ch<br \/>\n031 954 06 08<\/p>\n<\/div><\/div><\/div><\/div><\/div><div class=\"wpb_column vc_column_container\"><div class=\"vc_column-inner\"><div class=\"w-person layout_trendy with_desc with_socials\" itemscope itemtype=\"https:\/\/schema.org\/Person\"><div class=\"w-person-image\"><img loading=\"lazy\" decoding=\"async\" width=\"1663\" height=\"2500\" src=\"https:\/\/markusryffels.ch\/wp-content\/uploads\/2021\/04\/Portraits12.jpg\" class=\"attachment-full size-full\" alt=\"\" itemprop=\"image\" srcset=\"https:\/\/markusryffels.ch\/wp-content\/uploads\/2021\/04\/Portraits12.jpg 1663w, https:\/\/markusryffels.ch\/wp-content\/uploads\/2021\/04\/Portraits12-333x500.jpg 333w, https:\/\/markusryffels.ch\/wp-content\/uploads\/2021\/04\/Portraits12-681x1024.jpg 681w, https:\/\/markusryffels.ch\/wp-content\/uploads\/2021\/04\/Portraits12-1277x1920.jpg 1277w\" sizes=\"auto, (max-width: 1663px) 100vw, 1663px\" \/><\/div><div class=\"w-person-content\"><h4 itemprop=\"name\" class=\"w-person-name\"><span>Melanie Spori<\/span><\/h4><div class=\"w-person-role\" itemprop=\"jobTitle\">Responsable de projet cours &amp; semaines de vacances<\/div><\/div><div class=\"w-person-content-alt\"><div class=\"w-person-links\"><div class=\"w-person-links-list\"><a href=\"mailto:melanie.spori@markusryffels.ch\" class=\"w-person-links-item type_email\" title=\"E-mail\"><i class=\"fas fa-envelope\"><\/i><\/a><a href=\"tel:0319527552\" class=\"w-person-links-item type_custom_link\"><i class=\"fas fa-phone\"><\/i><\/a><\/div><\/div><div class=\"w-person-description\" itemprop=\"description\"><p>melanie.spori@markusryffels.ch<br \/>\n031 952 75 52<\/p>\n<\/div><\/div><\/div><\/div><\/div><div class=\"wpb_column vc_column_container\"><div class=\"vc_column-inner\"><div class=\"w-person layout_trendy with_desc with_socials\" itemscope itemtype=\"https:\/\/schema.org\/Person\"><div class=\"w-person-image\"><img loading=\"lazy\" decoding=\"async\" width=\"798\" height=\"1200\" src=\"https:\/\/markusryffels.ch\/wp-content\/uploads\/2019\/01\/Portraits2.jpg\" class=\"attachment-full size-full\" alt=\"\" itemprop=\"image\" srcset=\"https:\/\/markusryffels.ch\/wp-content\/uploads\/2019\/01\/Portraits2.jpg 798w, https:\/\/markusryffels.ch\/wp-content\/uploads\/2019\/01\/Portraits2-333x500.jpg 333w, https:\/\/markusryffels.ch\/wp-content\/uploads\/2019\/01\/Portraits2-681x1024.jpg 681w\" sizes=\"auto, (max-width: 798px) 100vw, 798px\" \/><\/div><div class=\"w-person-content\"><h4 itemprop=\"name\" class=\"w-person-name\"><span>Fabienne Vogel<\/span><\/h4><div class=\"w-person-role\" itemprop=\"jobTitle\">Chef de projet voyages marathon, coaching priv\u00e9 et diagnostics<\/div><\/div><div class=\"w-person-content-alt\"><div class=\"w-person-links\"><div class=\"w-person-links-list\"><a href=\"mailto:fabienne.vogel@markusryffels.ch\" class=\"w-person-links-item type_email\" title=\"E-mail\"><i class=\"fas fa-envelope\"><\/i><\/a><a href=\"tel:0319527552\" class=\"w-person-links-item type_custom_link\"><i class=\"fas fa-phone\"><\/i><\/a><\/div><\/div><div class=\"w-person-description\" itemprop=\"description\"><p>fabienne.vogel@markusryffels.ch<br \/>\n031 952 75 52<\/p>\n<\/div><\/div><\/div><\/div><\/div><\/div><div class=\"w-separator size_small\"><\/div><div class=\"g-cols wpb_row via_grid cols_3 laptops-cols_inherit tablets-cols_inherit mobiles-cols_1 valign_top type_default stacking_default\" style=\"--columns-gap:3rem;\"><div class=\"wpb_column vc_column_container\"><div class=\"vc_column-inner\"><div class=\"w-person layout_trendy with_desc with_socials\" itemscope itemtype=\"https:\/\/schema.org\/Person\"><div class=\"w-person-image\"><img loading=\"lazy\" decoding=\"async\" width=\"1707\" height=\"2560\" src=\"https:\/\/markusryffels.ch\/wp-content\/uploads\/2025\/10\/jc_240609_Frauenlauf_0004-scaled.jpg\" class=\"attachment-full size-full\" alt=\"\" itemprop=\"image\" srcset=\"https:\/\/markusryffels.ch\/wp-content\/uploads\/2025\/10\/jc_240609_Frauenlauf_0004-scaled.jpg 1707w, https:\/\/markusryffels.ch\/wp-content\/uploads\/2025\/10\/jc_240609_Frauenlauf_0004-683x1024.jpg 683w, https:\/\/markusryffels.ch\/wp-content\/uploads\/2025\/10\/jc_240609_Frauenlauf_0004-1280x1920.jpg 1280w, https:\/\/markusryffels.ch\/wp-content\/uploads\/2025\/10\/jc_240609_Frauenlauf_0004-333x500.jpg 333w, https:\/\/markusryffels.ch\/wp-content\/uploads\/2025\/10\/jc_240609_Frauenlauf_0004-8x12.jpg 8w\" sizes=\"auto, (max-width: 1707px) 100vw, 1707px\" \/><\/div><div class=\"w-person-content\"><h4 itemprop=\"name\" class=\"w-person-name\"><span>Sandra Baumgartner<\/span><\/h4><div class=\"w-person-role\" itemprop=\"jobTitle\">Chef de projet marketing &amp; communication<\/div><\/div><div class=\"w-person-content-alt\"><div class=\"w-person-links\"><div class=\"w-person-links-list\"><a href=\"mailto:celine.hauert@markusryffels.ch\" class=\"w-person-links-item type_email\" title=\"E-mail\"><i class=\"fas fa-envelope\"><\/i><\/a><a href=\"tel:0319527552\" class=\"w-person-links-item type_custom_link\"><i class=\"fas fa-phone\"><\/i><\/a><\/div><\/div><div class=\"w-person-description\" itemprop=\"description\"><p>sandra.baumgartner@markusryffels.ch<br \/>\n031 952 75 52<\/p>\n<\/div><\/div><\/div><\/div><\/div><div class=\"wpb_column vc_column_container\"><div class=\"vc_column-inner\"><div class=\"w-person layout_trendy with_desc with_socials\" itemscope itemtype=\"https:\/\/schema.org\/Person\"><div class=\"w-person-image\"><img decoding=\"async\" class=\"g-placeholder\" src=\"https:\/\/markusryffels.ch\/wp-content\/plugins\/us-core\/assets\/images\/placeholder.svg\" width=\"\" height=\"\" alt><\/div><div class=\"w-person-content\"><h4 itemprop=\"name\" class=\"w-person-name\"><span>Fiona Ulrich<\/span><\/h4><div class=\"w-person-role\" itemprop=\"jobTitle\">Comptabilit\u00e9 et Sportcare<\/div><\/div><div class=\"w-person-content-alt\"><div class=\"w-person-links\"><div class=\"w-person-links-list\"><a href=\"mailto:celine.hauert@markusryffels.ch\" class=\"w-person-links-item type_email\" title=\"E-mail\"><i class=\"fas fa-envelope\"><\/i><\/a><a href=\"tel:0319527552\" class=\"w-person-links-item type_custom_link\"><i class=\"fas fa-phone\"><\/i><\/a><\/div><\/div><div class=\"w-person-description\" itemprop=\"description\"><p>fiona.ulrich@markusryffels.ch<br \/>\n031 952 75 52<\/p>\n<\/div><\/div><\/div><\/div><\/div><div class=\"wpb_column vc_column_container\"><div class=\"vc_column-inner\"><\/div><\/div><\/div><div class=\"w-separator size_small\"><\/div><\/div><\/div><\/div><\/div><\/section>","protected":false},"excerpt":{"rendered":"Markus Ryffel's TeamMarkus RyffelGr\u00fcndermarkus@markusryffels.ch 031 952 75 52 Stephan RyffelGesch\u00e4ftsf\u00fchrerstephan@markusryffels.ch 031 952 75 52 Mathias ThiersteinResponsable Sport &amp; Eventsmathias.thierstein@markusryffels.ch 031 952 75 66 Catherine ImhofChef de projet Course f\u00e9minine suisse Berncatherine.imhof@markusryffels.ch 031 954 06 08 Melanie SporiChef de projet Cours &amp; Ferienwochenmelanie.spori@markusryffels.ch 031 952 75 52 Fabienne VogelChef de projet Voyages marathon, coaching priv\u00e9 et Diagnostikfabienne.vogel@markusryffels.ch 031 952 75 52 Sandra BaumgartnerChef de projet Marketing &amp;...","protected":false},"author":1,"featured_media":0,"parent":24,"menu_order":0,"comment_status":"closed","ping_status":"closed","template":"","meta":{"footnotes":""},"class_list":["post-8130","page","type-page","status-publish","hentry"],"_links":{"self":[{"href":"https:\/\/markusryffels.ch\/fr\/wp-json\/wp\/v2\/pages\/8130","targetHints":{"allow":["GET"]}}],"collection":[{"href":"https:\/\/markusryffels.ch\/fr\/wp-json\/wp\/v2\/pages"}],"about":[{"href":"https:\/\/markusryffels.ch\/fr\/wp-json\/wp\/v2\/types\/page"}],"author":[{"embeddable":true,"href":"https:\/\/markusryffels.ch\/fr\/wp-json\/wp\/v2\/users\/1"}],"replies":[{"embeddable":true,"href":"https:\/\/markusryffels.ch\/fr\/wp-json\/wp\/v2\/comments?post=8130"}],"version-history":[{"count":61,"href":"https:\/\/markusryffels.ch\/fr\/wp-json\/wp\/v2\/pages\/8130\/revisions"}],"predecessor-version":[{"id":13069,"href":"https:\/\/markusryffels.ch\/fr\/wp-json\/wp\/v2\/pages\/8130\/revisions\/13069"}],"up":[{"embeddable":true,"href":"https:\/\/markusryffels.ch\/fr\/wp-json\/wp\/v2\/pages\/24"}],"wp:attachment":[{"href":"https:\/\/markusryffels.ch\/fr\/wp-json\/wp\/v2\/media?parent=8130"}],"curies":[{"name":"wp","href":"https:\/\/api.w.org\/{rel}","templated":true}]}}