{"id":8089,"date":"2018-05-31T18:31:59","date_gmt":"2018-05-31T16:31:59","guid":{"rendered":"http:\/\/test-markusryffels.ch.80-74-150-110.hobo.sui-inter.net\/?page_id=8089"},"modified":"2025-08-14T15:06:16","modified_gmt":"2025-08-14T13:06:16","slug":"gp-bern","status":"publish","type":"page","link":"https:\/\/markusryffels.ch\/fr\/events\/partnerevents\/gp-bern\/","title":{"rendered":"GP Berne"},"content":{"rendered":"<section class=\"l-section wpb_row height_small\"><div class=\"l-section-h i-cf\"><div class=\"g-cols vc_row via_grid cols_1 laptops-cols_inherit tablets-cols_inherit mobiles-cols_1 valign_top type_default stacking_default\"><div class=\"wpb_column vc_column_container\"><div class=\"vc_column-inner\"><div class=\"w-image align_none\"><a target=\" _blank\" rel=\"nofollow\" href=\"http:\/\/www.gpbern.ch\/de\/home\" aria-label=\"GP_Bern\" class=\"w-image-h\"><img decoding=\"async\" width=\"766\" height=\"149\" src=\"https:\/\/markusryffels.ch\/wp-content\/uploads\/2019\/05\/GP_Bern.jpg\" class=\"attachment-large size-large\" alt=\"\" loading=\"lazy\" srcset=\"https:\/\/markusryffels.ch\/wp-content\/uploads\/2019\/05\/GP_Bern.jpg 766w, https:\/\/markusryffels.ch\/wp-content\/uploads\/2019\/05\/GP_Bern-500x97.jpg 500w\" sizes=\"auto, (max-width: 766px) 100vw, 766px\" \/><\/a><\/div><div class=\"wpb_text_column\"><div class=\"wpb_wrapper\"><p>Le 44e Grand-Prix de Berne aura lieu le samedi, <strong>9 mai 2026<\/strong> aura lieu.<\/p>\n<p>Vers <a href=\"https:\/\/trackmaxx.ch\/registration\/?race=gp26\" target=\"_blank\" rel=\"noopener\">Inscription<\/a><\/p>\n<\/div><\/div><div class=\"w-separator size_medium\"><\/div><\/div><\/div><\/div><\/div><\/section><section class=\"l-section wpb_row height_small\"><div class=\"l-section-h i-cf\"><div class=\"g-cols vc_row via_grid cols_1 laptops-cols_inherit tablets-cols_inherit mobiles-cols_1 valign_top type_default stacking_default\"><div class=\"wpb_column vc_column_container\"><div class=\"vc_column-inner\"><h2 style=\"text-align: left\" class=\"vc_custom_heading vc_do_custom_heading us_custom_cda6f729\" >Organisation et contact<\/h2><div class=\"wpb_text_column\"><div class=\"wpb_wrapper\"><p>Grand-Prix de Berne<br \/>\nBureau<br \/>\n107, rue de Thoune<br \/>\nCH-3006 Berne<br \/>\n<a href=\"mailto:info@gpbern.ch\">info@gpbern.ch<\/a><br \/>\nT\u00e9l\u00e9phone : +41 31 381 55 66<\/p>\n<p><a href=\"https:\/\/www.gpbern.ch\" target=\"_blank\" rel=\"noopener\">www.gpbern.ch<\/a><\/p>\n<\/div><\/div><\/div><\/div><\/div><\/div><\/section>","protected":false},"excerpt":{"rendered":"Le 44e Grand-Prix de Berne aura lieu le samedi 9 mai 2026. Pour s'inscrire Organisation et contactGrand-Prix de Berne Secr\u00e9tariat Thunstrasse 107 CH-3006 Berne info@gpbern.ch T\u00e9l\u00e9phone : +41 31 381 55 66 www.gpbern.ch","protected":false},"author":1,"featured_media":0,"parent":8087,"menu_order":0,"comment_status":"closed","ping_status":"closed","template":"","meta":{"footnotes":""},"class_list":["post-8089","page","type-page","status-publish","hentry"],"_links":{"self":[{"href":"https:\/\/markusryffels.ch\/fr\/wp-json\/wp\/v2\/pages\/8089","targetHints":{"allow":["GET"]}}],"collection":[{"href":"https:\/\/markusryffels.ch\/fr\/wp-json\/wp\/v2\/pages"}],"about":[{"href":"https:\/\/markusryffels.ch\/fr\/wp-json\/wp\/v2\/types\/page"}],"author":[{"embeddable":true,"href":"https:\/\/markusryffels.ch\/fr\/wp-json\/wp\/v2\/users\/1"}],"replies":[{"embeddable":true,"href":"https:\/\/markusryffels.ch\/fr\/wp-json\/wp\/v2\/comments?post=8089"}],"version-history":[{"count":24,"href":"https:\/\/markusryffels.ch\/fr\/wp-json\/wp\/v2\/pages\/8089\/revisions"}],"predecessor-version":[{"id":12909,"href":"https:\/\/markusryffels.ch\/fr\/wp-json\/wp\/v2\/pages\/8089\/revisions\/12909"}],"up":[{"embeddable":true,"href":"https:\/\/markusryffels.ch\/fr\/wp-json\/wp\/v2\/pages\/8087"}],"wp:attachment":[{"href":"https:\/\/markusryffels.ch\/fr\/wp-json\/wp\/v2\/media?parent=8089"}],"curies":[{"name":"wp","href":"https:\/\/api.w.org\/{rel}","templated":true}]}}