{"id":8059,"date":"2018-05-31T18:21:16","date_gmt":"2018-05-31T16:21:16","guid":{"rendered":"http:\/\/test-markusryffels.ch.80-74-150-110.hobo.sui-inter.net\/?page_id=8059"},"modified":"2025-12-04T16:19:41","modified_gmt":"2025-12-04T15:19:41","slug":"diverse","status":"publish","type":"page","link":"https:\/\/markusryffels.ch\/fr\/marathonreisen\/diverse\/","title":{"rendered":"Autres voyages marathon"},"content":{"rendered":"<section class=\"l-section wpb_row height_small\"><div class=\"l-section-h i-cf\"><div class=\"g-cols vc_row via_grid cols_1 laptops-cols_inherit tablets-cols_inherit mobiles-cols_1 valign_top type_default stacking_default\"><div class=\"wpb_column vc_column_container\"><div class=\"vc_column-inner\"><div class=\"wpb_column vc_column_container\"><div class=\"vc_column-inner\"><\/div><\/div><\/div><\/div><\/div><\/div><\/section><section class=\"l-section wpb_row height_small\"><div class=\"l-section-h i-cf\"><div class=\"g-cols vc_row via_grid cols_1 laptops-cols_inherit tablets-cols_inherit mobiles-cols_1 valign_top type_default stacking_default\"><div class=\"wpb_column vc_column_container\"><div class=\"vc_column-inner\"><h2 style=\"text-align: left\" class=\"vc_custom_heading vc_do_custom_heading us_custom_cda6f729\" >Marathon d'Ath\u00e8nes, 6-9 novembre 2026<\/h2><div class=\"g-cols wpb_row via_grid cols_2 laptops-cols_inherit tablets-cols_inherit mobiles-cols_1 valign_top type_default stacking_default\" style=\"--columns-gap:3rem;\"><div class=\"wpb_column vc_column_container\"><div class=\"vc_column-inner\"><div class=\"wpb_text_column\"><div class=\"wpb_wrapper\"><p>Un voyage dans le temps jusqu'\u00e0 la Gr\u00e8ce antique et l'origine du marathon<\/p>\n<ul>\n<li><a href=\"https:\/\/kuonisports.ch\/sportreise\/athen-marathon\" target=\"_blank\" rel=\"noopener\">Programme du voyage<\/a><\/li>\n<li><a href=\"https:\/\/www.athensauthenticmarathon.gr\/site\/index.php\/en\/races-en\/19-marathon-en\/15-marathon-course-maps-en\" target=\"_blank\" rel=\"noopener\">Plan du parcours<\/a><\/li>\n<li><a href=\"https:\/\/www.athensauthenticmarathon.gr\/site\/index.php\/en\/\" target=\"_blank\" rel=\"noopener\">site web officiel de l'organisateur<\/a><\/li>\n<\/ul>\n<\/div><\/div><\/div><\/div><div class=\"wpb_column vc_column_container\"><div class=\"vc_column-inner\"><div class=\"w-image align_none\"><div class=\"w-image-h\"><img decoding=\"async\" width=\"800\" height=\"533\" src=\"https:\/\/markusryffels.ch\/wp-content\/uploads\/2023\/04\/Athen.jpg\" class=\"attachment-large size-large\" alt=\"\" loading=\"lazy\" srcset=\"https:\/\/markusryffels.ch\/wp-content\/uploads\/2023\/04\/Athen.jpg 800w, https:\/\/markusryffels.ch\/wp-content\/uploads\/2023\/04\/Athen-500x333.jpg 500w\" sizes=\"auto, (max-width: 800px) 100vw, 800px\" \/><\/div><\/div><\/div><\/div><\/div><div class=\"w-separator size_large\"><\/div><\/div><\/div><\/div><\/div><\/section><section class=\"l-section wpb_row height_small\"><div class=\"l-section-h i-cf\"><div class=\"g-cols vc_row via_grid cols_1 laptops-cols_inherit tablets-cols_inherit mobiles-cols_1 valign_top type_default stacking_default\"><div class=\"wpb_column vc_column_container\"><div class=\"vc_column-inner\"><h2 style=\"text-align: left\" class=\"vc_custom_heading vc_do_custom_heading us_custom_cda6f729\" >Marathon de Shanghai, 25-30 novembre 2026<\/h2><div class=\"g-cols wpb_row via_grid cols_2 laptops-cols_inherit tablets-cols_inherit mobiles-cols_1 valign_top type_default stacking_default\" style=\"--columns-gap:3rem;\"><div class=\"wpb_column vc_column_container\"><div class=\"vc_column-inner\"><div class=\"wpb_text_column\"><div class=\"wpb_wrapper\"><p class=\"p\">Le marathon de Shanghai est le marathon le plus cot\u00e9 de Chine et a \u00e9t\u00e9 class\u00e9 Platinum Label Road Race par World Athletics.<br \/>\nProfite de l'occasion pour courir dans les rues de Shanghai et admirer la vue magnifique le long du fleuve Huangpu avec des dizaines de milliers d'autres coureurs. Le marathon de Shanghai est actuellement candidat \u00e0 l'obtention du statut officiel de World Major Event et pourrait bient\u00f4t faire partie des c\u00e9l\u00e8bres \"Majors\". Arrangement individuel sans l'accompagnement de Markus Ryffel.<\/p>\n<ul>\n<li><a href=\"https:\/\/kuonisports.ch\/sportreise\/shanghai-marathon\" target=\"_blank\" rel=\"noopener\">Programme du voyage<\/a><\/li>\n<li><a href=\"https:\/\/static.shang-ma.com\/web\/matchDetail\/index.html?eventTtype=5&amp;eventId=224\" target=\"_blank\" rel=\"noopener\">Plan du parcours<\/a><\/li>\n<li><a href=\"https:\/\/static.shang-ma.com\/web\/index.html\" target=\"_blank\" rel=\"noopener\">site web officiel de l'organisateur<\/a><\/li>\n<\/ul>\n<p>&nbsp;<\/p>\n<\/div><\/div><\/div><\/div><div class=\"wpb_column vc_column_container\"><div class=\"vc_column-inner\"><div class=\"w-image align_none\"><div class=\"w-image-h\"><img decoding=\"async\" width=\"1200\" height=\"514\" src=\"https:\/\/markusryffels.ch\/wp-content\/uploads\/2025\/11\/Shanghai_Marathon.jpg\" class=\"attachment-large size-large\" alt=\"\" loading=\"lazy\" srcset=\"https:\/\/markusryffels.ch\/wp-content\/uploads\/2025\/11\/Shanghai_Marathon.jpg 1400w, https:\/\/markusryffels.ch\/wp-content\/uploads\/2025\/11\/Shanghai_Marathon-1024x439.jpg 1024w, https:\/\/markusryffels.ch\/wp-content\/uploads\/2025\/11\/Shanghai_Marathon-500x214.jpg 500w, https:\/\/markusryffels.ch\/wp-content\/uploads\/2025\/11\/Shanghai_Marathon-18x8.jpg 18w\" sizes=\"auto, (max-width: 1200px) 100vw, 1200px\" \/><\/div><\/div><\/div><\/div><\/div><div class=\"w-separator size_large\"><\/div><\/div><\/div><\/div><\/div><\/section><section class=\"l-section wpb_row height_small\"><div class=\"l-section-h i-cf\"><div class=\"g-cols vc_row via_grid cols_1 laptops-cols_inherit tablets-cols_inherit mobiles-cols_1 valign_top type_default stacking_default\"><div class=\"wpb_column vc_column_container\"><div class=\"vc_column-inner\"><h2 style=\"text-align: left\" class=\"vc_custom_heading vc_do_custom_heading us_custom_cda6f729\" >Renseignements et inscriptions pour tous les voyages<\/h2><div class=\"wpb_text_column\"><div class=\"wpb_wrapper\"><p>Kuoni Sports Travel<br \/>\nDERTOUR Suisse SA<br \/>\n12, rue de l'H\u00e9rode<br \/>\n8048 Zurich<\/p>\n<p>T\u00e9l. 044 277 48 88<br \/>\n<a href=\"mailto:kuonisports@kuonisports.ch\">kuonisports@kuonisports.ch<\/a><\/p>\n<\/div><\/div><div class=\"w-separator size_medium\"><\/div><div class=\"w-image align_none\"><a target=\" _blank\" rel=\"nofollow\" href=\"https:\/\/kuonisports.ch\/sportreisen\/marathon\" aria-label=\"Kuoni_SportsTravel_Web\" class=\"w-image-h\"><img decoding=\"async\" width=\"300\" height=\"27\" src=\"https:\/\/markusryffels.ch\/wp-content\/uploads\/2024\/12\/Kuoni_SportsTravel_Web.png\" class=\"attachment-full size-full\" alt=\"\" loading=\"lazy\" \/><\/a><\/div><\/div><\/div><\/div><\/div><\/section>","protected":false},"excerpt":{"rendered":"Marathon d'Ath\u00e8nes, 6-9 novembre 2026Un voyage dans le temps jusqu'\u00e0 la Gr\u00e8ce antique et aux origines du marathon Programme de voyage Itin\u00e9raire Site web officiel de l'organisateur Marathon de Shanghai, 25-30 novembre 2026Le marathon de Shanghai est le marathon le plus cot\u00e9 de Chine et a \u00e9t\u00e9 class\u00e9 Platinum Label Road Race par World Athletics. Profite de l'occasion pour courir dans les rues de Shanghai et rejoindre des dizaines de milliers d'autres...","protected":false},"author":1,"featured_media":8617,"parent":18,"menu_order":0,"comment_status":"closed","ping_status":"closed","template":"","meta":{"footnotes":""},"class_list":["post-8059","page","type-page","status-publish","has-post-thumbnail","hentry"],"_links":{"self":[{"href":"https:\/\/markusryffels.ch\/fr\/wp-json\/wp\/v2\/pages\/8059","targetHints":{"allow":["GET"]}}],"collection":[{"href":"https:\/\/markusryffels.ch\/fr\/wp-json\/wp\/v2\/pages"}],"about":[{"href":"https:\/\/markusryffels.ch\/fr\/wp-json\/wp\/v2\/types\/page"}],"author":[{"embeddable":true,"href":"https:\/\/markusryffels.ch\/fr\/wp-json\/wp\/v2\/users\/1"}],"replies":[{"embeddable":true,"href":"https:\/\/markusryffels.ch\/fr\/wp-json\/wp\/v2\/comments?post=8059"}],"version-history":[{"count":206,"href":"https:\/\/markusryffels.ch\/fr\/wp-json\/wp\/v2\/pages\/8059\/revisions"}],"predecessor-version":[{"id":13140,"href":"https:\/\/markusryffels.ch\/fr\/wp-json\/wp\/v2\/pages\/8059\/revisions\/13140"}],"up":[{"embeddable":true,"href":"https:\/\/markusryffels.ch\/fr\/wp-json\/wp\/v2\/pages\/18"}],"wp:featuredmedia":[{"embeddable":true,"href":"https:\/\/markusryffels.ch\/fr\/wp-json\/wp\/v2\/media\/8617"}],"wp:attachment":[{"href":"https:\/\/markusryffels.ch\/fr\/wp-json\/wp\/v2\/media?parent=8059"}],"curies":[{"name":"wp","href":"https:\/\/api.w.org\/{rel}","templated":true}]}}