{"id":8011,"date":"2018-05-31T17:57:49","date_gmt":"2018-05-31T15:57:49","guid":{"rendered":"http:\/\/test-markusryffels.ch.80-74-150-110.hobo.sui-inter.net\/?page_id=8011"},"modified":"2019-01-16T12:40:05","modified_gmt":"2019-01-16T10:40:05","slug":"referate-firmenworkshops","status":"publish","type":"page","link":"https:\/\/markusryffels.ch\/fr\/kursangebot\/kalender\/referate-firmenworkshops\/","title":{"rendered":"Expos\u00e9s \/ Ateliers d'entreprise"},"content":{"rendered":"<section class=\"l-section wpb_row height_small\"><div class=\"l-section-h i-cf\"><div class=\"g-cols vc_row via_grid cols_1 laptops-cols_inherit tablets-cols_inherit mobiles-cols_1 valign_top type_default stacking_default\"><div class=\"wpb_column vc_column_container\"><div class=\"vc_column-inner\"><h2 style=\"text-align: left\" class=\"vc_custom_heading vc_do_custom_heading us_custom_cda6f729\" >Expos\u00e9s \/ Ateliers d'entreprise<\/h2><div class=\"wpb_text_column\"><div class=\"wpb_wrapper\"><p><strong>Du mouvement pour toi et tes collaborateurs<\/strong><\/p>\n<p>L'exercice physique peut r\u00e9soudre de nombreux probl\u00e8mes. Les personnes qui bougent sont plus performantes, moins souvent malades, plus stables sur le plan \u00e9motionnel et m\u00e9morisent mieux les choses. De plus, l'absent\u00e9isme au travail peut \u00eatre r\u00e9duit, ce qui permet de faire des \u00e9conomies.<\/p>\n<p>Profite de la longue exp\u00e9rience de Markus Ryffel et de son \u00e9quipe de professeurs de gymnastique et de sport et fais un pas vers une nouvelle direction avec le Markus Ryffel's Team :<\/p>\n<p>D\u00e9couvre les avantages d'un entra\u00eenement physique r\u00e9gulier et \u00e9quilibr\u00e9. Nous te montrerons, ainsi qu'\u00e0 tes collaborateurs, l'essentiel de A \u00e0 Z \u00e0 l'occasion d'un atelier et vous accompagnerons avec des conseils r\u00e9guliers sur l'activit\u00e9 physique.<\/p>\n<p>Contenu possible d'un atelier :<\/p>\n<p><strong>Expos\u00e9s :<\/strong><\/p>\n<ul>\n<li>\"La force r\u00e9side dans le calme\"<\/li>\n<li>\"En forme pour r\u00e9ussir\"<\/li>\n<li>\"Potentiel au quotidien\"<\/li>\n<li>\"Du sportif \u00e0 l'entrepreneur\"<\/li>\n<\/ul>\n<p><strong>Ateliers :<\/strong><\/p>\n<ul>\n<li>Running<\/li>\n<li>Aqua-Fit<\/li>\n<li>Marche nordique<\/li>\n<li>Natation\/Triathlon<\/li>\n<\/ul>\n<p><strong>Pr\u00e9paration \u00e0 divers \u00e9v\u00e9nements<\/strong>\u00a0(comme par exemple la course du Greifensee ou le marathon de New York)<\/p>\n<p><strong>Ateliers :<\/strong><\/p>\n<ul>\n<li>Entra\u00eenement d'endurance ax\u00e9 sur le pouls<\/li>\n<li>Entra\u00eenement technique<\/li>\n<li>Analyse vid\u00e9o<\/li>\n<li>Gymnastique de force<\/li>\n<li>Stretching<\/li>\n<li>Pilates<\/li>\n<li>Yoga<\/li>\n<li>Alimentation<\/li>\n<li>Test de condition physique<\/li>\n<\/ul>\n<p>Avons-nous \u00e9veill\u00e9 ton int\u00e9r\u00eat ? Nous nous r\u00e9jouissons de ta prise de contact par mail \u00e0 <a href=\"mailto:info@markusryffels.ch\">info@markusryffels.ch<\/a> ou par t\u00e9l\u00e9phone au 031 952 75 52. Nous nous ferons un plaisir d'\u00e9tablir une offre personnalis\u00e9e.<\/p>\n<\/div><\/div><\/div><\/div><\/div><\/div><\/section>","protected":false},"excerpt":{"rendered":"Conf\u00e9rences \/ Ateliers d'entrepriseMouvement pour toi et tes collaborateurs Le mouvement peut r\u00e9soudre de nombreux probl\u00e8mes. Les personnes qui bougent sont plus performantes, moins souvent malades, plus stables sur le plan \u00e9motionnel et m\u00e9morisent mieux les choses. De plus, l'absent\u00e9isme au travail peut \u00eatre r\u00e9duit, ce qui permet d'\u00e9conomiser des co\u00fbts. Profite de la longue exp\u00e9rience de Markus Ryffel et de son \u00e9quipe de professeurs de gymnastique et de...","protected":false},"author":1,"featured_media":0,"parent":14,"menu_order":0,"comment_status":"closed","ping_status":"closed","template":"","meta":{"footnotes":""},"class_list":["post-8011","page","type-page","status-publish","hentry"],"_links":{"self":[{"href":"https:\/\/markusryffels.ch\/fr\/wp-json\/wp\/v2\/pages\/8011","targetHints":{"allow":["GET"]}}],"collection":[{"href":"https:\/\/markusryffels.ch\/fr\/wp-json\/wp\/v2\/pages"}],"about":[{"href":"https:\/\/markusryffels.ch\/fr\/wp-json\/wp\/v2\/types\/page"}],"author":[{"embeddable":true,"href":"https:\/\/markusryffels.ch\/fr\/wp-json\/wp\/v2\/users\/1"}],"replies":[{"embeddable":true,"href":"https:\/\/markusryffels.ch\/fr\/wp-json\/wp\/v2\/comments?post=8011"}],"version-history":[{"count":6,"href":"https:\/\/markusryffels.ch\/fr\/wp-json\/wp\/v2\/pages\/8011\/revisions"}],"predecessor-version":[{"id":9353,"href":"https:\/\/markusryffels.ch\/fr\/wp-json\/wp\/v2\/pages\/8011\/revisions\/9353"}],"up":[{"embeddable":true,"href":"https:\/\/markusryffels.ch\/fr\/wp-json\/wp\/v2\/pages\/14"}],"wp:attachment":[{"href":"https:\/\/markusryffels.ch\/fr\/wp-json\/wp\/v2\/media?parent=8011"}],"curies":[{"name":"wp","href":"https:\/\/api.w.org\/{rel}","templated":true}]}}