{"id":8009,"date":"2018-05-31T17:57:15","date_gmt":"2018-05-31T15:57:15","guid":{"rendered":"http:\/\/test-markusryffels.ch.80-74-150-110.hobo.sui-inter.net\/?page_id=8009"},"modified":"2025-08-14T15:06:38","modified_gmt":"2025-08-14T13:06:38","slug":"aqua-fit-leiter","status":"publish","type":"page","link":"https:\/\/markusryffels.ch\/fr\/kursangebot\/kalender\/aus-und-weiterbildung\/aqua-fit-leiter\/","title":{"rendered":"Aqua-Fit-Leiter"},"content":{"rendered":"<section class=\"l-section wpb_row height_small\"><div class=\"l-section-h i-cf\"><div class=\"g-cols vc_row via_grid cols_1 laptops-cols_inherit tablets-cols_inherit mobiles-cols_1 valign_top type_default stacking_default\"><div class=\"wpb_column vc_column_container\"><div class=\"vc_column-inner\"><h2 style=\"text-align: left\" class=\"vc_custom_heading vc_do_custom_heading us_custom_cda6f729\" >Fusion de markus ryffel's GmbH et de swimsports.ch<\/h2><div class=\"wpb_text_column\"><div class=\"wpb_wrapper\"><p><strong>Regroupement des principaux prestataires de formations et de formations continues \u00e9prouv\u00e9es et reconnues dans les domaines Aqua-Fitness|Aqua-Medical en Suisse.<\/strong>\u00a0<strong>La branche Aqua-Fit de markus ryffel's GmbH (mr's) et swimsports.ch collaborent depuis le 15 septembre 2018. <\/strong><strong>swimsports.ch reprend toutes les activit\u00e9s des domaines Aqua-Fit et Aqua-Medical de mr's et les poursuivra avec la m\u00eame qualit\u00e9 \u00e9lev\u00e9e qu'auparavant. Le cadre de cours \u00e9prouv\u00e9 d'Aqua-Fit by mr's reste en activit\u00e9 pour les cours de Deep Water Running (DWR).<\/strong><\/p>\n<p>Markus Ryffel, le pionnier du Deep Water Running (DWR) en Suisse, transmet ses activit\u00e9s \u00e0 swimsports.ch. swimsports.ch, le centre de comp\u00e9tence pour la natation sportive et l'aqua-fitness, reprend tous les cours de formation et de perfectionnement ainsi que les prestations Aqua-Fit et les poursuivra sans changement et avec une qualit\u00e9 \u00e9lev\u00e9e.<\/p>\n<p><a href=\"https:\/\/www.swimsports.ch\/de\/ausbildung\/aqua-fitness\"><img decoding=\"async\" src=\"https:\/\/www.markusryffels.ch\/cgi-bin\/ckfinder\/images\/logo.png\" alt=\"\" \/><\/a><\/p>\n<p><strong>Pourquoi ?<\/strong><br \/>\nAvec l'orientation strat\u00e9gique de swimsports.ch de devenir \u00e0 l'avenir de plus en plus actif dans le domaine de l'aqua-m\u00e9dical, markus ryffel's GmbH est le partenaire id\u00e9al. Markus Ryffel a reconnu d\u00e8s 1984 le potentiel de proposer des cours de promotion de la sant\u00e9 avec l'Aqua-Fit et le Deep Water Running int\u00e9gr\u00e9.<\/p>\n<p><strong>Une situation gagnant-gagnant-gagnant<\/strong><\/p>\n<ol>\n<li>Synergies dans l'administration avec un niveau de comp\u00e9tence \u00e9gal en mati\u00e8re de formation<\/li>\n<li>swimsports.ch renforce sa position de centre de comp\u00e9tences pour la formation et le perfectionnement des enseignants dans l'eau et \u00e9largit son champ d'activit\u00e9 avec le domaine du Deep Water Running.<\/li>\n<li>Les moniteurs Aqua-Fit profitent de la diversit\u00e9 de l'offre du nouveau partenaire fort swimsports.ch.<\/li>\n<\/ol>\n<p><strong>Cela ne change pas<\/strong><br \/>\nLa formation initiale et continue sera poursuivie \u00e0 l'avenir avec la qualit\u00e9, l'ampleur et la diversit\u00e9 habituelles.<br \/>\nTous les services continuent d'\u00eatre propos\u00e9s par swimsports.ch : Reconnaissance Qualitop, d\u00e9compte SUISA, reconnaissance esa, vente de CD &amp; DVD.<br \/>\nLe nom \"Deep Water Running DWR selon markus ryffel's\" reste inchang\u00e9<br \/>\nLes cours de REP continuent d'\u00eatre dispens\u00e9s par l'\u00e9quipe exp\u00e9riment\u00e9e d'Aqua-Fit<br \/>\nLes cours PWR de l'ann\u00e9e 2019 sont d\u00e9velopp\u00e9s par l'\u00e9quipe de mr's et sont sp\u00e9cialement indiqu\u00e9s dans le programme de cours de swimsports.ch.<\/p>\n<p><strong>Ce qui change<\/strong><br \/>\nLe secr\u00e9tariat de cours exp\u00e9riment\u00e9 de swimsports.ch se charge de l'administration des cours PWR de markus ryffel's GmbH.<br \/>\nLa formation sp\u00e9cialis\u00e9e PWR s'appuie d\u00e9sormais sur la formation de base esa de 3 jours de swimsports.ch. L'ensemble de la formation de 6 jours est reconnu par le Sport des adultes Suisse esa.<br \/>\nApr\u00e8s la formation de base, la journ\u00e9e d'entra\u00eenement et l'examen permettent de terminer la formation d'instructeur d'aqua-fitness reconnue par Qualitop.<\/p>\n<p><strong>Questions et remarques<\/strong><br \/>\nSi vous avez des questions, vous pouvez contacter Mathias Thierstein \u00e0\u00a0<a href=\"mailto:info@markusryffels.ch\">info@markusryffels.ch<\/a> ainsi qu'Elisabeth Herzig sous\u00a0<a href=\"mailto:e.herzig@swimsports.ch\">e.herzig@swimsports.ch<\/a>\u00a0 \u00e0 disposition.<\/p>\n<div><strong>Aqua-Fit<\/strong><br \/>\nL'aqua-fit est une combinaison de course dans l'eau (deep water running) et d'aquagym dans une eau peu profonde. Tant les personnes peu entra\u00een\u00e9es que les sportifs de haut niveau se d\u00e9placent au ralenti, en m\u00e9nageant leurs articulations, \u00e0 l'aide d'une aide sp\u00e9ciale \u00e0 la flottabilit\u00e9 en n\u00e9opr\u00e8ne, la Wet Vest, en flottant dans la piscine ou dans une eau libre, et stimulent ainsi tous les facteurs de condition physique. Des exercices et des formes de pas faciles \u00e0 apprendre permettent de renforcer de mani\u00e8re cibl\u00e9e les principaux groupes musculaires contre la r\u00e9sistance de l'eau et d'effectuer un entra\u00eenement cardio-vasculaire efficace.<\/div>\n<div><\/div>\n<div><strong>Aqua-Medical by mr's en bref<\/strong><\/div>\n<p>Des cours sp\u00e9ciaux permettent de sensibiliser et de former le personnel m\u00e9dical sp\u00e9cialis\u00e9, comme les m\u00e9decins et les physioth\u00e9rapeutes, ainsi que d'autres personnes int\u00e9ress\u00e9es. L'aqua-fit a toute sa place dans la r\u00e9\u00e9ducation et la pr\u00e9vention, que ce soit sous la forme d'un certificat m\u00e9dical ou d'un travail de physioth\u00e9rapie qui peut \u00eatre poursuivi dans un cours.<\/p>\n<p><a href=\"https:\/\/swimsports.ch\/de\/ausbildung\/swimsportsch-aqua-fitness-aqua-medical\" target=\"_blank\" rel=\"noopener\">Ici<\/a> tu trouveras l'offre de formation et de perfectionnement de swimsports.ch.<\/p>\n<p>Nous proposons les cours suivants :<\/p>\n<ul>\n<li>Cours d'aqua-fit \u00e0 G\u00fcmligen<\/li>\n<li><a href=\"https:\/\/markusryffels.ch\/fr\/kursangebot\/workshops\/aqua-fit\/\">Aqua-Fit Waterpowerday<\/a><\/li>\n<\/ul>\n<\/div><\/div><div class=\"w-video us_custom_c24b5519 align_none ratio_16x9 has_iframe\"><div class=\"w-video-h\"><iframe title=\"Lecteur vid\u00e9o Youtube\" src=\"\/\/www.youtube.com\/embed\/NJJenqW1-xk?autoplay=0&controls=1&origin=https:\/\/markusryffels.ch\/fr&loop=0&mute=0\" allowfullscreen=\"1\" loading=\"lazy\"><\/iframe><\/div><\/div><\/div><\/div><\/div><\/div><\/section><section class=\"l-section wpb_row height_small color_primary\"><div class=\"l-section-h i-cf\"><div class=\"g-cols vc_row via_grid cols_1 laptops-cols_inherit tablets-cols_inherit mobiles-cols_1 valign_top type_default stacking_default\"><div class=\"wpb_column vc_column_container\"><div class=\"vc_column-inner\"><div class=\"w-actionbox color_primary controls_right\"><div class=\"w-actionbox-text\"><h2 class=\"w-actionbox-title\"><strong>ACHETER EN LIGNE<\/strong><\/h2><div class=\"w-actionbox-description\"><p>Des informations sur le mat\u00e9riel Aqua-Fit original ainsi que des informations compl\u00e9mentaires sont disponibles sur la page de la boutique.<\/p>\n<\/div><\/div><div class=\"w-actionbox-controls\"><a class=\"w-btn us-btn-style_3\" title=\"Achats en ligne\" target=\" _blank\" rel=\"nofollow\" href=\"https:\/\/www.aquafitshop.ch\/\" style=\"font-size:18px;\"><span class=\"w-btn-label\">Boutique Aqua-Fit<\/span><\/a><\/div><\/div><\/div><\/div><\/div><\/div><\/section><section class=\"l-section wpb_row height_small\"><div class=\"l-section-h i-cf\"><div class=\"g-cols vc_row via_grid cols_1 laptops-cols_inherit tablets-cols_inherit mobiles-cols_1 valign_top type_default stacking_default\"><div class=\"wpb_column vc_column_container\"><div class=\"vc_column-inner\"><\/div><\/div><\/div><\/div><\/section>","protected":false},"excerpt":{"rendered":"Zusammenschluss markus ryffel\u2019s GmbH und swimsports.chZusammenschluss der f\u00fchrenden Anbieter von bew\u00e4hrten und anerkannten Aus- und Weiterbildungen in den Bereichen Aqua-Fitness|Aqua-Medical in der Schweiz.\u00a0Die Sparte Aqua-Fit der markus ryffel\u2019s GmbH (mr\u2019s) und swimsports.ch arbeiten seit dem 15. September 2018 zusammen. swimsports.ch \u00fcbernimmt s\u00e4mtliche Aktivit\u00e4ten der Bereiche Aqua-Fit und Aqua-Medical von mr\u2019s und wird diese in der...","protected":false},"author":1,"featured_media":8199,"parent":8003,"menu_order":0,"comment_status":"closed","ping_status":"closed","template":"","meta":{"footnotes":""},"class_list":["post-8009","page","type-page","status-publish","has-post-thumbnail","hentry"],"_links":{"self":[{"href":"https:\/\/markusryffels.ch\/fr\/wp-json\/wp\/v2\/pages\/8009","targetHints":{"allow":["GET"]}}],"collection":[{"href":"https:\/\/markusryffels.ch\/fr\/wp-json\/wp\/v2\/pages"}],"about":[{"href":"https:\/\/markusryffels.ch\/fr\/wp-json\/wp\/v2\/types\/page"}],"author":[{"embeddable":true,"href":"https:\/\/markusryffels.ch\/fr\/wp-json\/wp\/v2\/users\/1"}],"replies":[{"embeddable":true,"href":"https:\/\/markusryffels.ch\/fr\/wp-json\/wp\/v2\/comments?post=8009"}],"version-history":[{"count":30,"href":"https:\/\/markusryffels.ch\/fr\/wp-json\/wp\/v2\/pages\/8009\/revisions"}],"predecessor-version":[{"id":12969,"href":"https:\/\/markusryffels.ch\/fr\/wp-json\/wp\/v2\/pages\/8009\/revisions\/12969"}],"up":[{"embeddable":true,"href":"https:\/\/markusryffels.ch\/fr\/wp-json\/wp\/v2\/pages\/8003"}],"wp:featuredmedia":[{"embeddable":true,"href":"https:\/\/markusryffels.ch\/fr\/wp-json\/wp\/v2\/media\/8199"}],"wp:attachment":[{"href":"https:\/\/markusryffels.ch\/fr\/wp-json\/wp\/v2\/media?parent=8009"}],"curies":[{"name":"wp","href":"https:\/\/api.w.org\/{rel}","templated":true}]}}