{"id":22,"date":"2018-05-28T17:00:38","date_gmt":"2018-05-28T15:00:38","guid":{"rendered":"http:\/\/test-markusryffels.ch.80-74-150-110.hobo.sui-inter.net\/?page_id=22"},"modified":"2024-07-23T14:34:18","modified_gmt":"2024-07-23T12:34:18","slug":"training","status":"publish","type":"page","link":"https:\/\/markusryffels.ch\/fr\/training\/","title":{"rendered":"Formation \/ Conseil"},"content":{"rendered":"<section class=\"l-section wpb_row height_small\"><div class=\"l-section-h i-cf\"><div class=\"g-cols vc_row via_grid cols_3 laptops-cols_inherit tablets-cols_inherit mobiles-cols_1 valign_top type_default stacking_default\"><div class=\"wpb_column vc_column_container\"><div class=\"vc_column-inner\"><div class=\"ubtn-ctn-left\"><a class=\"ubtn-link ult-adjust-bottom-margin ubtn-left ubtn-custom\" href=\"https:\/\/markusryffels.ch\/fr\/training-beratung\/privatcoaching\/\" target=\"_blank\" rel=\"noopener\" ><button type=\"button\" id=\"ubtn-4985\"  class=\"ubtn ult-adjust-bottom-margin ult-responsive ubtn-custom ubtn-no-hover-bg  none  ubtn-sep-icon ubtn-sep-icon-at-left  ubtn-left   tooltip-6a009427548d6\"  data-hover=\"\" data-border-color=\"\" data-bg=\"#e0e0e0\" data-hover-bg=\"\" data-border-hover=\"\" data-shadow-hover=\"\" data-shadow-click=\"none\" data-shadow=\"\" data-shd-shadow=\"\"  data-ultimate-target='#ubtn-4985'  data-responsive-json-new='{\"font-size\":\"\",\"line-height\":\"\"}'  style=\"font-weight:normal;width:300px;min-height:30px;padding:px px;border:none;background: #e0e0e0;color: #000000;\"><span class=\"ubtn-data ubtn-icon\"><i class=\"Defaults-user\" style=\"font-size:32px;color:;\"><\/i><\/span><span class=\"ubtn-hover\" style=\"background-color:\"><\/span><span class=\"ubtn-data ubtn-text\" >Coaching priv\u00e9<\/span><\/button><\/a><\/div><div class=\"ubtn-ctn-left\"><a class=\"ubtn-link ult-adjust-bottom-margin ubtn-left ubtn-custom\" href=\"https:\/\/markusryffels.ch\/fr\/training-beratung\/broschueren\/\" target=\"_blank\" rel=\"noopener\" ><button type=\"button\" id=\"ubtn-9219\"  class=\"ubtn ult-adjust-bottom-margin ult-responsive ubtn-custom ubtn-no-hover-bg  none  ubtn-sep-icon ubtn-sep-icon-at-left  ubtn-left   tooltip-6a00942754946\"  data-hover=\"\" data-border-color=\"\" data-bg=\"#e0e0e0\" data-hover-bg=\"\" data-border-hover=\"\" data-shadow-hover=\"\" data-shadow-click=\"none\" data-shadow=\"\" data-shd-shadow=\"\"  data-ultimate-target='#ubtn-9219'  data-responsive-json-new='{\"font-size\":\"\",\"line-height\":\"\"}'  style=\"font-weight:normal;width:300px;min-height:30px;padding:px px;border:none;background: #e0e0e0;color: #000000;\"><span class=\"ubtn-data ubtn-icon\"><i class=\"Defaults-book\" style=\"font-size:32px;color:;\"><\/i><\/span><span class=\"ubtn-hover\" style=\"background-color:\"><\/span><span class=\"ubtn-data ubtn-text\" >Brochures<\/span><\/button><\/a><\/div><\/div><\/div><div class=\"wpb_column vc_column_container\"><div class=\"vc_column-inner\"><div class=\"ubtn-ctn-left\"><a class=\"ubtn-link ult-adjust-bottom-margin ubtn-left ubtn-custom\" href=\"https:\/\/markusryffels.ch\/fr\/training-beratung\/trainingsplaene\/\" target=\"_blank\" rel=\"noopener\" ><button type=\"button\" id=\"ubtn-8869\"  class=\"ubtn ult-adjust-bottom-margin ult-responsive ubtn-custom ubtn-no-hover-bg  none  ubtn-sep-icon ubtn-sep-icon-at-left  ubtn-left   tooltip-6a00942754aa3\"  data-hover=\"\" data-border-color=\"\" data-bg=\"#e0e0e0\" data-hover-bg=\"\" data-border-hover=\"\" data-shadow-hover=\"\" data-shadow-click=\"none\" data-shadow=\"\" data-shd-shadow=\"\"  data-ultimate-target='#ubtn-8869'  data-responsive-json-new='{\"font-size\":\"\",\"line-height\":\"\"}'  style=\"font-weight:normal;width:300px;min-height:30px;padding:px px;border:none;background: #e0e0e0;color: #000000;\"><span class=\"ubtn-data ubtn-icon\"><i class=\"Defaults-list-alt\" style=\"font-size:32px;color:;\"><\/i><\/span><span class=\"ubtn-hover\" style=\"background-color:\"><\/span><span class=\"ubtn-data ubtn-text\" >Plans d'entra\u00eenement<\/span><\/button><\/a><\/div><div class=\"ubtn-ctn-left\"><a class=\"ubtn-link ult-adjust-bottom-margin ubtn-left ubtn-custom\" href=\"https:\/\/markusryffels.ch\/fr\/training-beratung\/runningcoach\/\" target=\"_blank\" rel=\"noopener\" ><button type=\"button\" id=\"ubtn-2290\"  class=\"ubtn ult-adjust-bottom-margin ult-responsive ubtn-custom ubtn-no-hover-bg  none  ubtn-sep-icon ubtn-sep-icon-at-left  ubtn-left   tooltip-6a00942754ad6\"  data-hover=\"\" data-border-color=\"\" data-bg=\"#e0e0e0\" data-hover-bg=\"\" data-border-hover=\"\" data-shadow-hover=\"\" data-shadow-click=\"none\" data-shadow=\"\" data-shd-shadow=\"\"  data-ultimate-target='#ubtn-2290'  data-responsive-json-new='{\"font-size\":\"\",\"line-height\":\"\"}'  style=\"font-weight:normal;width:300px;min-height:30px;padding:px px;border:none;background: #e0e0e0;color: #000000;\"><span class=\"ubtn-data ubtn-icon\"><i class=\"Defaults-road\" style=\"font-size:32px;color:;\"><\/i><\/span><span class=\"ubtn-hover\" style=\"background-color:\"><\/span><span class=\"ubtn-data ubtn-text\" >RunningCoach<\/span><\/button><\/a><\/div><\/div><\/div><div class=\"wpb_column vc_column_container\"><div class=\"vc_column-inner\"><div class=\"ubtn-ctn-left\"><a class=\"ubtn-link ult-adjust-bottom-margin ubtn-left ubtn-custom\" href=\"https:\/\/markusryffels.ch\/fr\/training-beratung\/trainingstipps\/\" target=\"_blank\" rel=\"noopener\" ><button type=\"button\" id=\"ubtn-5589\"  class=\"ubtn ult-adjust-bottom-margin ult-responsive ubtn-custom ubtn-no-hover-bg  none  ubtn-sep-icon ubtn-sep-icon-at-left  ubtn-left   tooltip-6a00942754c22\"  data-hover=\"\" data-border-color=\"\" data-bg=\"#e0e0e0\" data-hover-bg=\"\" data-border-hover=\"\" data-shadow-hover=\"\" data-shadow-click=\"none\" data-shadow=\"\" data-shd-shadow=\"\"  data-ultimate-target='#ubtn-5589'  data-responsive-json-new='{\"font-size\":\"\",\"line-height\":\"\"}'  style=\"font-weight:normal;width:300px;min-height:30px;padding:px px;border:none;background: #e0e0e0;color: #000000;\"><span class=\"ubtn-data ubtn-icon\"><i class=\"Defaults-heartbeat\" style=\"font-size:32px;color:;\"><\/i><\/span><span class=\"ubtn-hover\" style=\"background-color:\"><\/span><span class=\"ubtn-data ubtn-text\" >Conseils d'entra\u00eenement<\/span><\/button><\/a><\/div><div class=\"ubtn-ctn-left\"><a class=\"ubtn-link ult-adjust-bottom-margin ubtn-left ubtn-custom\" href=\"https:\/\/markusryffels.ch\/fr\/blog\/\" target=\"_blank\" rel=\"noopener\" ><button type=\"button\" id=\"ubtn-4588\"  class=\"ubtn ult-adjust-bottom-margin ult-responsive ubtn-custom ubtn-no-hover-bg  none  ubtn-sep-icon ubtn-sep-icon-at-left  ubtn-left   tooltip-6a00942754c52\"  data-hover=\"\" data-border-color=\"\" data-bg=\"#e0e0e0\" data-hover-bg=\"\" data-border-hover=\"\" data-shadow-hover=\"\" data-shadow-click=\"none\" data-shadow=\"\" data-shd-shadow=\"\"  data-ultimate-target='#ubtn-4588'  data-responsive-json-new='{\"font-size\":\"\",\"line-height\":\"\"}'  style=\"font-weight:normal;width:300px;min-height:30px;padding:px px;border:none;background: #e0e0e0;color: #000000;\"><span class=\"ubtn-data ubtn-icon\"><i class=\"Defaults-edit pencil-square-o\" style=\"font-size:32px;color:;\"><\/i><\/span><span class=\"ubtn-hover\" style=\"background-color:\"><\/span><span class=\"ubtn-data ubtn-text\" >Articles de blog<\/span><\/button><\/a><\/div><\/div><\/div><\/div><\/div><\/section>","protected":false},"excerpt":{"rendered":"Coaching priv\u00e9BrochuresPlan d'entra\u00eenementRunningCoachConseils d'entra\u00eenementApports au blog","protected":false},"author":1,"featured_media":0,"parent":0,"menu_order":0,"comment_status":"closed","ping_status":"closed","template":"","meta":{"footnotes":""},"class_list":["post-22","page","type-page","status-publish","hentry"],"_links":{"self":[{"href":"https:\/\/markusryffels.ch\/fr\/wp-json\/wp\/v2\/pages\/22","targetHints":{"allow":["GET"]}}],"collection":[{"href":"https:\/\/markusryffels.ch\/fr\/wp-json\/wp\/v2\/pages"}],"about":[{"href":"https:\/\/markusryffels.ch\/fr\/wp-json\/wp\/v2\/types\/page"}],"author":[{"embeddable":true,"href":"https:\/\/markusryffels.ch\/fr\/wp-json\/wp\/v2\/users\/1"}],"replies":[{"embeddable":true,"href":"https:\/\/markusryffels.ch\/fr\/wp-json\/wp\/v2\/comments?post=22"}],"version-history":[{"count":9,"href":"https:\/\/markusryffels.ch\/fr\/wp-json\/wp\/v2\/pages\/22\/revisions"}],"predecessor-version":[{"id":12188,"href":"https:\/\/markusryffels.ch\/fr\/wp-json\/wp\/v2\/pages\/22\/revisions\/12188"}],"wp:attachment":[{"href":"https:\/\/markusryffels.ch\/fr\/wp-json\/wp\/v2\/media?parent=22"}],"curies":[{"name":"wp","href":"https:\/\/api.w.org\/{rel}","templated":true}]}}