{"id":12254,"date":"2024-10-25T11:15:06","date_gmt":"2024-10-25T09:15:06","guid":{"rendered":"https:\/\/markusryffels.ch\/?page_id=12254"},"modified":"2025-12-03T09:19:50","modified_gmt":"2025-12-03T08:19:50","slug":"fit_im_alter_andalusien","status":"publish","type":"page","link":"https:\/\/markusryffels.ch\/fr\/aktivferien\/fit_im_alter_andalusien\/","title":{"rendered":"En forme avec 50plus, Andalousie, 21-28.3.2026"},"content":{"rendered":"<section class=\"l-section wpb_row height_small\"><div class=\"l-section-h i-cf\"><div class=\"g-cols vc_row via_grid cols_2-1 laptops-cols_inherit tablets-cols_inherit mobiles-cols_1 valign_top type_default stacking_default\"><div class=\"wpb_column vc_column_container\"><div class=\"vc_column-inner\"><h1 style=\"text-align: left\" class=\"vc_custom_heading vc_do_custom_heading us_custom_cda6f729\" >En forme avec 50plus, Andalousie, 21 - 28 mars 2026<\/h1><div class=\"wpb_text_column\"><div class=\"wpb_wrapper\"><div class=\"inhalt_content_block\">\n<p id=\"isPasted\" class=\"p\">C'est souvent le style de vie qui d\u00e9termine notre forme physique \u00e0 un \u00e2ge avanc\u00e9 et si nous pouvons r\u00e9aliser tout ce que nous avons pr\u00e9vu pour les derni\u00e8res ann\u00e9es de notre vie. Beaucoup de choses d\u00e9pendent de nous. L'exercice physique est le th\u00e8me central par excellence, ainsi qu'une alimentation saine et un \u00e9quilibre harmonieux entre effort et repos. C'est tout cela que nous te transmettons lors de ces journ\u00e9es printani\u00e8res vari\u00e9es en Andalousie. Ces journ\u00e9es t'offrent toutes les facettes de la pratique sportive chez les personnes \u00e2g\u00e9es <strong class=\"p\">\u00e0 partir de 50 ans<\/strong>Le plaisir ne doit pas \u00eatre n\u00e9glig\u00e9 : Paysage, cuisine et d\u00e9tente. Dans la belle r\u00e9gion autour de Novo Sancti Petri, la plus belle plage d'Espagne, longue de plusieurs kilom\u00e8tres, t'attend. La r\u00e9gion offre des conditions climatiques optimales pour courir au printemps.<\/p>\n<p class=\"p\">De plus, tu auras suffisamment de temps pour te remettre du <a href=\"https:\/\/www.aldiana.com\/de-de\/andalusien?t=hotel&amp;los=7&amp;dd=2022-09-09T17%3A13%3A38%2B02%3A00&amp;rd=2023-03-09T17%3A13%3A38%2B01%3A00&amp;edd=0&amp;erd=0&amp;travellers=35%2C35&amp;category=3&amp;minp=1&amp;maxp=100000&amp;sort=price&amp;perPage=1000&amp;page=1&amp;g=2335&amp;cur=EUR&amp;stopOver=10000&amp;transfer=1&amp;_locale=de-de\" target=\"_blank\" rel=\"noopener\">Aldiana Club Andalousie<\/a> de se faire dorloter. Pour la d\u00e9tente, le spa propose des soins professionnels, des massages relaxants et des s\u00e9ances de physioth\u00e9rapie. Le plaisir n'est pas en reste, l'offre all-inclusive avec des buffets fantastiques, vari\u00e9s et frais, r\u00e9pond \u00e0 tous les souhaits.<\/p>\n<p class=\"p\">Comme les entra\u00eenements se font en jogging et\/ou en walking, la semaine convient aussi bien aux d\u00e9butants qu'aux sportifs confirm\u00e9s.<\/p>\n<p>Tu profites d'un encadrement sp\u00e9cialis\u00e9, notamment par <strong>Markus Ryffel et Matteo Pini.\u00a0<\/strong>Markus Ryffel, m\u00e9daill\u00e9 d'argent sur 5000 m aux Jeux olympiques de Los Angeles en 1984, ainsi que Matteo Pini, qui a \u00e9tudi\u00e9 les sciences du sport \u00e0 Macolin puis \u00e0 Fribourg (CH) et qui travaille aujourd'hui comme scientifique du sport \u00e0 la clinique Gut de St-Moritz, partageront leur longue exp\u00e9rience !<\/p>\n<p><strong>Date : 21 - 28 mars 2026<\/strong><\/p>\n<p>&nbsp;<\/p>\n<\/div>\n<div class=\"inhalt_content_block\">\n<p><a href=\"https:\/\/markusryffels.ch\/wp-content\/uploads\/2020\/01\/RunintheSun_2.pdf\" target=\"_blank\" rel=\"noopener\">Rapport d'exp\u00e9rience semaine de course en Toscane<\/a><\/p>\n<\/div>\n<\/div><\/div><div class=\"w-btn-wrapper align_none\"><a class=\"w-btn us-btn-style_4 us_custom_1e0e9307\" target=\" _blank\" rel=\"nofollow\" href=\"https:\/\/kuonisports.ch\/sportreise\/fit-im-alter-andalusien\"><span class=\"w-btn-label\">Annonce d\u00e9taill\u00e9e et inscription<\/span><\/a><\/div><\/div><\/div><div class=\"wpb_column vc_column_container\"><div class=\"vc_column-inner\"><div class=\"w-grid type_grid layout_gallery_default cols_1\" id=\"us_grid_1\" style=\"--columns:1;--gap:4px;\" data-filterable=\"true\"><style>.layout_gallery_default .w-grid-item-h{}<\/style><div class=\"w-grid-list\">\t<article class=\"w-grid-item size_1x1 post-12513 attachment type-attachment status-inherit hentry\" data-id=\"12513\">\r\n\t\t<div class=\"w-grid-item-h\">\r\n\t\t\t\t\t\t\t<a ref=\"magnificPopupGrid\" href=\"https:\/\/markusryffels.ch\/wp-content\/uploads\/2025\/01\/Running-Andalusien-LZZT3928.jpg\" class=\"w-grid-item-anchor\" aria-label=\"Running Andalousie LZZT3928\"><\/a>\r\n\t\t\t\t\t\t<div class=\"w-post-elm post_image usg_post_image_1 stretched\"><img loading=\"lazy\" decoding=\"async\" width=\"2048\" height=\"1536\" src=\"https:\/\/markusryffels.ch\/wp-content\/uploads\/2025\/01\/Running-Andalusien-LZZT3928.jpg\" class=\"attachment-full size-full\" alt=\"\" srcset=\"https:\/\/markusryffels.ch\/wp-content\/uploads\/2025\/01\/Running-Andalusien-LZZT3928.jpg 2048w, https:\/\/markusryffels.ch\/wp-content\/uploads\/2025\/01\/Running-Andalusien-LZZT3928-500x375.jpg 500w, https:\/\/markusryffels.ch\/wp-content\/uploads\/2025\/01\/Running-Andalusien-LZZT3928-1024x768.jpg 1024w, https:\/\/markusryffels.ch\/wp-content\/uploads\/2025\/01\/Running-Andalusien-LZZT3928-1920x1440.jpg 1920w\" sizes=\"auto, (max-width: 2048px) 100vw, 2048px\" \/><\/div>\t\t<\/div>\r\n\t\t\t<\/article>\r\n\t<article class=\"w-grid-item size_1x1 post-12529 attachment type-attachment status-inherit hentry\" data-id=\"12529\">\r\n\t\t<div class=\"w-grid-item-h\">\r\n\t\t\t\t\t\t\t<a ref=\"magnificPopupGrid\" href=\"https:\/\/markusryffels.ch\/wp-content\/uploads\/2025\/01\/11.jpg\" class=\"w-grid-item-anchor\" aria-label=\"11\"><\/a>\r\n\t\t\t\t\t\t<div class=\"w-post-elm post_image usg_post_image_1 stretched\"><img loading=\"lazy\" decoding=\"async\" width=\"1600\" height=\"1200\" src=\"https:\/\/markusryffels.ch\/wp-content\/uploads\/2025\/01\/11.jpg\" class=\"attachment-full size-full\" alt=\"\" srcset=\"https:\/\/markusryffels.ch\/wp-content\/uploads\/2025\/01\/11.jpg 1600w, https:\/\/markusryffels.ch\/wp-content\/uploads\/2025\/01\/11-500x375.jpg 500w, https:\/\/markusryffels.ch\/wp-content\/uploads\/2025\/01\/11-1024x768.jpg 1024w\" sizes=\"auto, (max-width: 1600px) 100vw, 1600px\" \/><\/div>\t\t<\/div>\r\n\t\t\t<\/article>\r\n\t<article class=\"w-grid-item size_1x1 post-12515 attachment type-attachment status-inherit hentry\" data-id=\"12515\">\r\n\t\t<div class=\"w-grid-item-h\">\r\n\t\t\t\t\t\t\t<a ref=\"magnificPopupGrid\" href=\"https:\/\/markusryffels.ch\/wp-content\/uploads\/2025\/01\/Running-Andalusien-RFKF3379.jpg\" class=\"w-grid-item-anchor\" aria-label=\"Running Andalousie RFKF3379\"><\/a>\r\n\t\t\t\t\t\t<div class=\"w-post-elm post_image usg_post_image_1 stretched\"><img loading=\"lazy\" decoding=\"async\" width=\"1600\" height=\"1200\" src=\"https:\/\/markusryffels.ch\/wp-content\/uploads\/2025\/01\/Running-Andalusien-RFKF3379.jpg\" class=\"attachment-full size-full\" alt=\"\" srcset=\"https:\/\/markusryffels.ch\/wp-content\/uploads\/2025\/01\/Running-Andalusien-RFKF3379.jpg 1600w, https:\/\/markusryffels.ch\/wp-content\/uploads\/2025\/01\/Running-Andalusien-RFKF3379-500x375.jpg 500w, https:\/\/markusryffels.ch\/wp-content\/uploads\/2025\/01\/Running-Andalusien-RFKF3379-1024x768.jpg 1024w\" sizes=\"auto, (max-width: 1600px) 100vw, 1600px\" \/><\/div>\t\t<\/div>\r\n\t\t\t<\/article>\r\n<\/div><div class=\"w-grid-preloader\">\t<div class=\"g-preloader type_1\">\r\n\t\t<div><\/div>\r\n\t<\/div>\r\n\t<\/div>\t<div class=\"w-grid-json hidden\" onclick='return {&quot;action&quot;:&quot;us_ajax_grid&quot;,&quot;infinite_scroll&quot;:0,&quot;max_num_pages&quot;:1,&quot;pagination&quot;:&quot;none&quot;,&quot;template_vars&quot;:{&quot;columns&quot;:&quot;1&quot;,&quot;exclude_items&quot;:&quot;none&quot;,&quot;img_size&quot;:&quot;full&quot;,&quot;ignore_items_size&quot;:0,&quot;items_layout&quot;:&quot;gallery_default&quot;,&quot;items_offset&quot;:&quot;1&quot;,&quot;load_animation&quot;:&quot;none&quot;,&quot;overriding_link&quot;:&quot;%7B%22type%22%3A%22popup_image%22%7D&quot;,&quot;post_id&quot;:0,&quot;query_args&quot;:{&quot;post_type&quot;:[&quot;attachment&quot;],&quot;post__in&quot;:[&quot;12513&quot;,&quot;12529&quot;,&quot;12515&quot;],&quot;post_status&quot;:&quot;inherit&quot;,&quot;post_mime_type&quot;:&quot;image&quot;,&quot;posts_per_page&quot;:999},&quot;orderby_query_args&quot;:{&quot;orderby&quot;:{&quot;post__in&quot;:&quot;ASC&quot;},&quot;order&quot;:&quot;ASC&quot;},&quot;type&quot;:&quot;grid&quot;,&quot;us_grid_post_type&quot;:&quot;attachment&quot;,&quot;us_grid_ajax_index&quot;:1,&quot;us_grid_filter_query_string&quot;:null,&quot;us_grid_index&quot;:1,&quot;page_args&quot;:[]}}'><\/div>\r\n\t<\/div><\/div><\/div><\/div><\/div><\/section><section class=\"l-section wpb_row height_small\"><div class=\"l-section-h i-cf\"><div class=\"g-cols vc_row via_grid cols_1 laptops-cols_inherit tablets-cols_inherit mobiles-cols_1 valign_top type_default stacking_default\"><div class=\"wpb_column vc_column_container\"><div class=\"vc_column-inner\"><div class=\"w-slider style_none fit_scaledown nav_dots count_4\"><div class=\"w-slider-h\"><div class=\"royalSlider\"><div class=\"rsContent\"><a class=\"rsImg\" data-rsw=\"680\" data-rsh=\"430\" href=\"https:\/\/markusryffels.ch\/wp-content\/uploads\/2025\/01\/Aldiana-Resort.jpeg\"><span data-alt=\"\"><\/span><\/a><\/div><div class=\"rsContent\"><a class=\"rsImg\" data-rsw=\"680\" data-rsh=\"453\" href=\"https:\/\/markusryffels.ch\/wp-content\/uploads\/2025\/01\/Aldiana-Resort-Zimmer.jpeg\"><span data-alt=\"\"><\/span><\/a><\/div><div class=\"rsContent\"><a class=\"rsImg\" data-rsw=\"680\" data-rsh=\"454\" href=\"https:\/\/markusryffels.ch\/wp-content\/uploads\/2025\/01\/Aldiana-Resort-Lounge.jpeg\"><span data-alt=\"\"><\/span><\/a><\/div><div class=\"rsContent\"><a class=\"rsImg\" data-rsw=\"680\" data-rsh=\"453\" href=\"https:\/\/markusryffels.ch\/wp-content\/uploads\/2025\/01\/Aldiana-Resort-Dessert.jpeg\"><span data-alt=\"\"><\/span><\/a><\/div><\/div><img decoding=\"async\" src=\"https:\/\/markusryffels.ch\/wp-content\/uploads\/2025\/01\/Aldiana-Resort.jpeg\" width=\"680\" height=\"430\" alt loading=\"lazy\"><\/div><div class=\"w-slider-json\" onclick='return {&quot;autoScaleSlider&quot;:true,&quot;addActiveClass&quot;:true,&quot;loop&quot;:true,&quot;fadeInLoadedSlide&quot;:false,&quot;slidesSpacing&quot;:0,&quot;imageScalePadding&quot;:0,&quot;numImagesToPreload&quot;:2,&quot;arrowsNav&quot;:true,&quot;arrowsNavAutoHide&quot;:false,&quot;transitionType&quot;:&quot;move&quot;,&quot;transitionSpeed&quot;:250,&quot;block&quot;:{&quot;moveEffect&quot;:&quot;none&quot;,&quot;speed&quot;:300},&quot;thumbs&quot;:{&quot;fitInViewport&quot;:false,&quot;firstMargin&quot;:false,&quot;spacing&quot;:4},&quot;controlNavigation&quot;:&quot;bullets&quot;,&quot;autoplay&quot;:{&quot;enabled&quot;:true,&quot;pauseOnHover&quot;:true,&quot;delay&quot;:2000},&quot;autoScaleSliderWidth&quot;:680,&quot;autoScaleSliderHeight&quot;:430}'><\/div><\/div><\/div><\/div><\/div><\/div><\/section><section class=\"l-section wpb_row height_small\"><div class=\"l-section-h i-cf\"><div class=\"g-cols vc_row via_grid cols_1 laptops-cols_inherit tablets-cols_inherit mobiles-cols_1 valign_top type_default stacking_default\"><div class=\"wpb_column vc_column_container\"><div class=\"vc_column-inner\"><div class=\"wpb_text_column\"><div class=\"wpb_wrapper\"><p><strong>Renseignements et inscription<br \/>\n<\/strong>Kuoni Sports Travel<br \/>\nDERTOUR Suisse SA<br \/>\n12, rue de l'H\u00e9rode<br \/>\n8048 Zurich<\/p>\n<p>T\u00e9l. 044 277 48 88<br \/>\n<a href=\"mailto:kuonisports@kuonisports.ch\">kuonisports@kuonisports.ch<\/a><\/p>\n<\/div><\/div><div class=\"w-image align_none\"><a target=\" _blank\" rel=\"nofollow\" href=\"https:\/\/kuonisports.ch\/sportreisen\/running\" aria-label=\"Kuoni_SportsTravel_Web\" class=\"w-image-h\"><img decoding=\"async\" width=\"300\" height=\"27\" src=\"https:\/\/markusryffels.ch\/wp-content\/uploads\/2024\/12\/Kuoni_SportsTravel_Web.png\" class=\"attachment-full size-full\" alt=\"\" loading=\"lazy\" \/><\/a><\/div><\/div><\/div><\/div><\/div><\/section><section class=\"l-section wpb_row height_small\"><div class=\"l-section-h i-cf\"><div class=\"g-cols vc_row via_grid cols_1 laptops-cols_inherit tablets-cols_inherit mobiles-cols_1 valign_top type_default stacking_default\"><div class=\"wpb_column vc_column_container\"><div class=\"vc_column-inner\"><div class=\"w-separator size_medium\"><\/div><div class=\"wpb_text_column\"><div class=\"wpb_wrapper\"><p><strong>Partenaire<\/strong><\/p>\n<\/div><\/div><div class=\"g-cols wpb_row via_grid cols_2 laptops-cols_inherit tablets-cols_inherit mobiles-cols_1 valign_top type_default stacking_default\" style=\"--columns-gap:3rem;\"><div class=\"wpb_column vc_column_container\"><div class=\"vc_column-inner\"><div class=\"w-image align_center\"><a target=\"_blank\" rel=\"nofollow\" href=\"https:\/\/www.garmin.com\/de-CH\/\" aria-label=\"Garmin\" class=\"w-image-h\"><img decoding=\"async\" width=\"278\" height=\"40\" src=\"https:\/\/markusryffels.ch\/wp-content\/uploads\/2022\/11\/Garmin.png\" class=\"attachment-large size-large\" alt=\"\" loading=\"lazy\" \/><\/a><\/div><div class=\"w-separator size_medium\"><\/div><\/div><\/div><div class=\"wpb_column vc_column_container\"><div class=\"vc_column-inner\"><div class=\"w-image align_none\"><a target=\"_blank\" href=\"https:\/\/www.migrosindustrie.ch\/ffb-group\/ueber-aproz\/\" aria-label=\"Valais\" class=\"w-image-h\"><img decoding=\"async\" width=\"147\" height=\"60\" src=\"https:\/\/markusryffels.ch\/wp-content\/uploads\/2022\/04\/Valais.png\" class=\"attachment-large size-large\" alt=\"\" loading=\"lazy\" \/><\/a><\/div><div class=\"w-separator size_medium\"><\/div><\/div><\/div><\/div><\/div><\/div><\/div><\/div><\/section>","protected":false},"excerpt":{"rendered":"","protected":false},"author":7,"featured_media":12529,"parent":16,"menu_order":0,"comment_status":"closed","ping_status":"closed","template":"","meta":{"footnotes":""},"class_list":["post-12254","page","type-page","status-publish","has-post-thumbnail","hentry"],"_links":{"self":[{"href":"https:\/\/markusryffels.ch\/fr\/wp-json\/wp\/v2\/pages\/12254","targetHints":{"allow":["GET"]}}],"collection":[{"href":"https:\/\/markusryffels.ch\/fr\/wp-json\/wp\/v2\/pages"}],"about":[{"href":"https:\/\/markusryffels.ch\/fr\/wp-json\/wp\/v2\/types\/page"}],"author":[{"embeddable":true,"href":"https:\/\/markusryffels.ch\/fr\/wp-json\/wp\/v2\/users\/7"}],"replies":[{"embeddable":true,"href":"https:\/\/markusryffels.ch\/fr\/wp-json\/wp\/v2\/comments?post=12254"}],"version-history":[{"count":23,"href":"https:\/\/markusryffels.ch\/fr\/wp-json\/wp\/v2\/pages\/12254\/revisions"}],"predecessor-version":[{"id":13112,"href":"https:\/\/markusryffels.ch\/fr\/wp-json\/wp\/v2\/pages\/12254\/revisions\/13112"}],"up":[{"embeddable":true,"href":"https:\/\/markusryffels.ch\/fr\/wp-json\/wp\/v2\/pages\/16"}],"wp:featuredmedia":[{"embeddable":true,"href":"https:\/\/markusryffels.ch\/fr\/wp-json\/wp\/v2\/media\/12529"}],"wp:attachment":[{"href":"https:\/\/markusryffels.ch\/fr\/wp-json\/wp\/v2\/media?parent=12254"}],"curies":[{"name":"wp","href":"https:\/\/api.w.org\/{rel}","templated":true}]}}