{"id":11367,"date":"2022-11-17T11:05:11","date_gmt":"2022-11-17T10:05:11","guid":{"rendered":"https:\/\/markusryffels.ch\/?page_id=11367"},"modified":"2022-11-17T11:45:45","modified_gmt":"2022-11-17T10:45:45","slug":"agb","status":"publish","type":"page","link":"https:\/\/markusryffels.ch\/fr\/agb\/","title":{"rendered":"CONDITIONS G\u00c9N\u00c9RALES DE VENTE"},"content":{"rendered":"<section class=\"l-section wpb_row height_small\"><div class=\"l-section-h i-cf\"><div class=\"g-cols vc_row via_grid cols_1 laptops-cols_inherit tablets-cols_inherit mobiles-cols_1 valign_top type_default stacking_default\"><div class=\"wpb_column vc_column_container\"><div class=\"vc_column-inner\"><h2 style=\"text-align: left\" class=\"vc_custom_heading vc_do_custom_heading us_custom_cda6f729\" >Conditions g\u00e9n\u00e9rales de vente <\/h2><div class=\"wpb_text_column\"><div class=\"wpb_wrapper\"><ol>\n<li><strong>Inscription<\/strong><br \/>\nVotre inscription aux cours et aux semaines de vacances actives est ferme et d\u00e9finitive. Le contrat entre vous et Markus Ryffel's AG est conclu par l'acceptation sans r\u00e9serve de votre r\u00e9servation \u00e9crite, t\u00e9l\u00e9phonique ou personnelle.<\/li>\n<li><strong>Assurance annulation<\/strong><br \/>\nLa soci\u00e9t\u00e9 Markus Ryffel's AG vous recommande de pr\u00e9voir une couverture d'assurance suffisante pour les frais d'annulation et le voyage de retour. Si, pour une raison quelconque, vous ne pouvez pas participer, nous vous prions de nous en informer dans tous les cas.<\/li>\n<li><strong>Paiement<\/strong><br \/>\nLors de l'inscription aux semaines de vacances actives, un acompte de CHF 200.00 doit \u00eatre vers\u00e9. Le solde ou, dans le cas des cours, la facture totale est payable ult\u00e9rieurement ; vous recevrez en temps voulu la facture correspondante ainsi que des informations d\u00e9taill\u00e9es sur le cours. Pour le paiement, il convient d'utiliser exclusivement les bulletins de versement qui vous sont respectivement envoy\u00e9s.<\/li>\n<li><strong>Conditions d'annulation<\/strong><br \/>\nEn cas d'annulation de l'inscription (une annulation n'est accept\u00e9e que sous forme \u00e9crite), le prix du cours est rembours\u00e9, d\u00e9duction faite de 10 %. Si l'annulation intervient moins de 30 jours avant le d\u00e9but du cours, ce montant est port\u00e9 \u00e0 50 %. En cas d'annulation jusqu'\u00e0 7 jours avant le d\u00e9but du cours, aucun remboursement n'est effectu\u00e9.<\/li>\n<li><strong>Responsabilit\u00e9<\/strong><br \/>\nNous nous r\u00e9servons express\u00e9ment le droit de modifier le programme. La relation juridique entre vous et Markus Ryffel's AG est r\u00e9gie par les \"Conditions g\u00e9n\u00e9rales de vente de Markus Ryffel's AG\" compl\u00e8tes et en vigueur, ainsi que, \u00e0 titre compl\u00e9mentaire, par les conditions sp\u00e9ciales d'annulation pour un voyage \u00e0 l'\u00e9tranger. Le droit suisse est applicable. Le for juridique pour toute action en justice contre Markus Ryffel's AG est Berne.<br \/>\nUn cours peut comporter des risques particuliers. Nous nous engageons \u00e0 pr\u00e9parer le cours avec soin, mais nous ne pouvons pas pr\u00e9voir toutes les \u00e9ventualit\u00e9s. La participation \u00e0 un cours se fait aux risques et p\u00e9rils de l'\u00e9l\u00e8ve.<\/li>\n<li><strong>Nombre minimum de participants<\/strong><br \/>\nUn nombre minimum de participants est requis pour toutes les offres. Si le nombre minimum de participants n'est pas atteint, Markus Ryffel's AG peut annuler au plus tard quatre semaines avant le d\u00e9but du voyage (vacances actives) ou deux semaines avant le d\u00e9but du cours. Dans ce cas, le prix pay\u00e9 est rembours\u00e9. Toute autre revendication de votre part est exclue. Les fermetures, restrictions ou modifications ordonn\u00e9es par les autorit\u00e9s concernant le transport, l'h\u00e9bergement ou l'entr\u00e9e dans le pays en raison des effets de la pand\u00e9mie COVID 19 demeurent r\u00e9serv\u00e9es.<\/li>\n<li><strong>Annulation de l'offre par Markus Ryffel's<\/strong><br \/>\nForce majeure : si des raisons imp\u00e9rieuses telles que des troubles, des gr\u00e8ves, des mesures gouvernementales, des \u00e9pid\u00e9mies, des pand\u00e9mies, des restrictions de voyage, etc. devaient compromettre ou m\u00eame emp\u00eacher la r\u00e9alisation ou la s\u00e9curit\u00e9 d'une offre, nous vous informerions de cette annulation dans les meilleurs d\u00e9lais.<\/li>\n<li><strong>Modifications de programme et annulation de prestations pendant les semaines de vacances actives<\/strong><br \/>\nPendant les semaines de vacances actives, vous ne disposez d'un droit de r\u00e9siliation que si une partie importante des prestations convenues n'est pas fournie, si aucune prestation de remplacement ad\u00e9quate ne peut \u00eatre propos\u00e9e ou si vous refusez la prestation de remplacement pour des raisons importantes.<\/li>\n<li><strong>Abandon de l'offre par le client<\/strong><br \/>\nSi vous annulez l'offre, le prix ne peut pas vous \u00eatre rembours\u00e9 ; les \u00e9ventuels frais suppl\u00e9mentaires (p. ex. transport de retour) sont \u00e0 votre charge.<\/li>\n<\/ol>\n<p style=\"text-align: right;\">Worb, novembre 2022<\/p>\n<p><a href=\"https:\/\/markusryffels.ch\/wp-content\/uploads\/2022\/11\/AGB.pdf\" target=\"_blank\" rel=\"noopener\">CONDITIONS G\u00c9N\u00c9RALES DE VENTE<\/a> \u00e0 t\u00e9l\u00e9charger en tant que fichier pdf<\/p>\n<\/div><\/div><\/div><\/div><\/div><\/div><\/section>","protected":false},"excerpt":{"rendered":"Conditions g\u00e9n\u00e9rales de vente Inscription Votre inscription aux cours et aux semaines de vacances actives est ferme et d\u00e9finitive. Le contrat entre vous et Markus Ryffel's AG est conclu par l'acceptation sans r\u00e9serve de votre r\u00e9servation \u00e9crite, t\u00e9l\u00e9phonique ou personnelle. Assurance annulation Markus Ryffel's AG vous recommande de pr\u00e9voir une couverture d'assurance suffisante pour les frais d'annulation et le voyage de retour. Si, pour une raison quelconque, vous ne pouvez pas participer.","protected":false},"author":4,"featured_media":0,"parent":0,"menu_order":0,"comment_status":"closed","ping_status":"closed","template":"","meta":{"footnotes":""},"class_list":["post-11367","page","type-page","status-publish","hentry"],"_links":{"self":[{"href":"https:\/\/markusryffels.ch\/fr\/wp-json\/wp\/v2\/pages\/11367","targetHints":{"allow":["GET"]}}],"collection":[{"href":"https:\/\/markusryffels.ch\/fr\/wp-json\/wp\/v2\/pages"}],"about":[{"href":"https:\/\/markusryffels.ch\/fr\/wp-json\/wp\/v2\/types\/page"}],"author":[{"embeddable":true,"href":"https:\/\/markusryffels.ch\/fr\/wp-json\/wp\/v2\/users\/4"}],"replies":[{"embeddable":true,"href":"https:\/\/markusryffels.ch\/fr\/wp-json\/wp\/v2\/comments?post=11367"}],"version-history":[{"count":5,"href":"https:\/\/markusryffels.ch\/fr\/wp-json\/wp\/v2\/pages\/11367\/revisions"}],"predecessor-version":[{"id":11374,"href":"https:\/\/markusryffels.ch\/fr\/wp-json\/wp\/v2\/pages\/11367\/revisions\/11374"}],"wp:attachment":[{"href":"https:\/\/markusryffels.ch\/fr\/wp-json\/wp\/v2\/media?parent=11367"}],"curies":[{"name":"wp","href":"https:\/\/api.w.org\/{rel}","templated":true}]}}