{"id":8009,"date":"2018-05-31T17:57:15","date_gmt":"2018-05-31T15:57:15","guid":{"rendered":"http:\/\/test-markusryffels.ch.80-74-150-110.hobo.sui-inter.net\/?page_id=8009"},"modified":"2025-08-14T15:06:38","modified_gmt":"2025-08-14T13:06:38","slug":"aqua-fit-leiter","status":"publish","type":"page","link":"https:\/\/markusryffels.ch\/en\/kursangebot\/kalender\/aus-und-weiterbildung\/aqua-fit-leiter\/","title":{"rendered":"Aqua-Fit ladder"},"content":{"rendered":"<section class=\"l-section wpb_row height_small\"><div class=\"l-section-h i-cf\"><div class=\"g-cols vc_row via_grid cols_1 laptops-cols_inherit tablets-cols_inherit mobiles-cols_1 valign_top type_default stacking_default\"><div class=\"wpb_column vc_column_container\"><div class=\"vc_column-inner\"><h2 style=\"text-align: left\" class=\"vc_custom_heading vc_do_custom_heading us_custom_cda6f729\" >Merger of markus ryffel's GmbH and swimsports.ch<\/h2><div class=\"wpb_text_column\"><div class=\"wpb_wrapper\"><p><strong>Association of the leading providers of proven and recognized training and further education in the areas of Aqua-Fitness|Aqua-Medical in Switzerland.<\/strong>\u00a0<strong>The Aqua-Fit division of markus ryffel's GmbH (mr's) and swimsports.ch have been working together since September 15, 2018. <\/strong><strong>swimsports.ch is taking over all Aqua-Fit and Aqua-Medical activities from mr's and will continue to run them at the same high level of quality as before. The proven Aqua-Fit by mr's course team will remain in place for the deep water running courses (DWR).<\/strong><\/p>\n<p>Markus Ryffel, the pioneer of deep water running (DWR) in Switzerland, is handing over the activities to swimsports.ch. swimsports.ch, the competence center for swimming and aqua fitness, is taking over all training and further education courses as well as the aqua fitness services and will continue to run these unchanged and in high quality.<\/p>\n<p><a href=\"https:\/\/www.swimsports.ch\/de\/ausbildung\/aqua-fitness\"><img decoding=\"async\" src=\"https:\/\/www.markusryffels.ch\/cgi-bin\/ckfinder\/images\/logo.png\" alt=\"\" \/><\/a><\/p>\n<p><strong>Why?<\/strong><br \/>\nWith the strategic orientation of swimsports.ch to become increasingly active in the aqua-medical sector in the future, markus ryffel's GmbH is the ideal partner. Markus Ryffel recognized the potential of offering health-promoting courses with Aqua-Fit and integrated Deep Water Running as early as 1984.<\/p>\n<p><strong>A win-win-win situation<\/strong><\/p>\n<ol>\n<li>Synergies in administration with the same level of training expertise<\/li>\n<li>swimsports.ch strengthens its position as a competence center for the training and further education of instructors in the water and expands its business area to include deep water running.<\/li>\n<li>Aqua-Fit instructors benefit from the wide range of offers from the strong new partner swimsports.ch.<\/li>\n<\/ol>\n<p><strong>That remains the same<\/strong><br \/>\nTraining and further education will continue in the future with the usual quality, scope and variety.<br \/>\nAll services will continue to be offered by swimsports.ch: Qualitop recognition, SUISA billing, esa recognition, CD &amp; DVD sales.<br \/>\nThe name \"Deep Water Running DWR according to markus ryffel's\" will be retained<br \/>\nDWR courses will continue to be run by the experienced Aqua-Fit team<br \/>\nThe PWR courses of 2019 are developed by the mr's team and are specially marked in the course program of swimsports.ch.<\/p>\n<p><strong>This is changing<\/strong><br \/>\nThe experienced course secretariat of swimsports.ch takes over the administration of the DWR courses of markus ryffel's GmbH.<br \/>\nThe DWR specialist training now builds on the 3-day esa core training from swimsports.ch. The entire 6-day course is recognized by esa adult sports Switzerland.<br \/>\nAfter the basic training, the Qualitop-recognized aqua fitness instructor training can be completed with the training day and examination.<\/p>\n<p><strong>Questions and comments<\/strong><br \/>\nIf you have any questions, please contact Mathias Thierstein at\u00a0<a href=\"mailto:info@markusryffels.ch\">info@markusryffels.ch<\/a> and Elisabeth Herzig at\u00a0<a href=\"mailto:e.herzig@swimsports.ch\">e.herzig@swimsports.ch<\/a>\u00a0 available.<\/p>\n<div><strong>Aqua-Fit<\/strong><br \/>\nAqua-Fit is a combination of running in the water (deep water running) and water gymnastics in deep water. Both the untrained and the competitive athlete move at a slow-motion pace with the help of a special neoprene buoyancy aid, the wet vest, floating in the pool or in open water, thereby promoting all fitness factors. With easy-to-learn exercises and step forms, the most important muscle groups can be specifically strengthened against the water resistance and an efficient cardiovascular workout can be completed.<\/div>\n<div><\/div>\n<div><strong>Aqua-Medical by mr's in brief<\/strong><\/div>\n<p>Medical professionals such as doctors and physiotherapists as well as other interested parties are sensitized and trained in special courses. Aqua-Fit has a firm place in rehabilitation and prevention, whether in the form of a medical certificate or physiotherapy work that can be continued in a course.<\/p>\n<p><a href=\"https:\/\/swimsports.ch\/de\/ausbildung\/swimsportsch-aqua-fitness-aqua-medical\" target=\"_blank\" rel=\"noopener\">Here<\/a> you will find the training and further education offers from swimsports.ch.<\/p>\n<p>We offer the following courses:<\/p>\n<ul>\n<li>Aqua-Fit courses in G\u00fcmligen<\/li>\n<li><a href=\"https:\/\/markusryffels.ch\/en\/kursangebot\/workshops\/aqua-fit\/\">Aqua-Fit Waterpowerday<\/a><\/li>\n<\/ul>\n<\/div><\/div><div class=\"w-video us_custom_c24b5519 align_none ratio_16x9 has_iframe\"><div class=\"w-video-h\"><iframe title=\"Youtube video player\" src=\"\/\/www.youtube.com\/embed\/NJJenqW1-xk?autoplay=0&controls=1&origin=https:\/\/markusryffels.ch\/en&loop=0&mute=0\" allowfullscreen=\"1\" loading=\"lazy\"><\/iframe><\/div><\/div><\/div><\/div><\/div><\/div><\/section><section class=\"l-section wpb_row height_small color_primary\"><div class=\"l-section-h i-cf\"><div class=\"g-cols vc_row via_grid cols_1 laptops-cols_inherit tablets-cols_inherit mobiles-cols_1 valign_top type_default stacking_default\"><div class=\"wpb_column vc_column_container\"><div class=\"vc_column-inner\"><div class=\"w-actionbox color_primary controls_right\"><div class=\"w-actionbox-text\"><h2 class=\"w-actionbox-title\"><strong>SHOP ONLINE<\/strong><\/h2><div class=\"w-actionbox-description\"><p>Information on the original Aqua-Fit material and further information can be found on the store page.<\/p>\n<\/div><\/div><div class=\"w-actionbox-controls\"><a class=\"w-btn us-btn-style_3\" title=\"Online shopping\" target=\" _blank\" rel=\"nofollow\" href=\"https:\/\/www.aquafitshop.ch\/\" style=\"font-size:18px;\"><span class=\"w-btn-label\">Aqua-Fit-Shop<\/span><\/a><\/div><\/div><\/div><\/div><\/div><\/div><\/section><section class=\"l-section wpb_row height_small\"><div class=\"l-section-h i-cf\"><div class=\"g-cols vc_row via_grid cols_1 laptops-cols_inherit tablets-cols_inherit mobiles-cols_1 valign_top type_default stacking_default\"><div class=\"wpb_column vc_column_container\"><div class=\"vc_column-inner\"><\/div><\/div><\/div><\/div><\/section>","protected":false},"excerpt":{"rendered":"Zusammenschluss markus ryffel\u2019s GmbH und swimsports.chZusammenschluss der f\u00fchrenden Anbieter von bew\u00e4hrten und anerkannten Aus- und Weiterbildungen in den Bereichen Aqua-Fitness|Aqua-Medical in der Schweiz.\u00a0Die Sparte Aqua-Fit der markus ryffel\u2019s GmbH (mr\u2019s) und swimsports.ch arbeiten seit dem 15. September 2018 zusammen. swimsports.ch \u00fcbernimmt s\u00e4mtliche Aktivit\u00e4ten der Bereiche Aqua-Fit und Aqua-Medical von mr\u2019s und wird diese in der...","protected":false},"author":1,"featured_media":8199,"parent":8003,"menu_order":0,"comment_status":"closed","ping_status":"closed","template":"","meta":{"footnotes":""},"class_list":["post-8009","page","type-page","status-publish","has-post-thumbnail","hentry"],"_links":{"self":[{"href":"https:\/\/markusryffels.ch\/en\/wp-json\/wp\/v2\/pages\/8009","targetHints":{"allow":["GET"]}}],"collection":[{"href":"https:\/\/markusryffels.ch\/en\/wp-json\/wp\/v2\/pages"}],"about":[{"href":"https:\/\/markusryffels.ch\/en\/wp-json\/wp\/v2\/types\/page"}],"author":[{"embeddable":true,"href":"https:\/\/markusryffels.ch\/en\/wp-json\/wp\/v2\/users\/1"}],"replies":[{"embeddable":true,"href":"https:\/\/markusryffels.ch\/en\/wp-json\/wp\/v2\/comments?post=8009"}],"version-history":[{"count":30,"href":"https:\/\/markusryffels.ch\/en\/wp-json\/wp\/v2\/pages\/8009\/revisions"}],"predecessor-version":[{"id":12969,"href":"https:\/\/markusryffels.ch\/en\/wp-json\/wp\/v2\/pages\/8009\/revisions\/12969"}],"up":[{"embeddable":true,"href":"https:\/\/markusryffels.ch\/en\/wp-json\/wp\/v2\/pages\/8003"}],"wp:featuredmedia":[{"embeddable":true,"href":"https:\/\/markusryffels.ch\/en\/wp-json\/wp\/v2\/media\/8199"}],"wp:attachment":[{"href":"https:\/\/markusryffels.ch\/en\/wp-json\/wp\/v2\/media?parent=8009"}],"curies":[{"name":"wp","href":"https:\/\/api.w.org\/{rel}","templated":true}]}}